{"id":6142,"date":"2025-06-16T22:29:49","date_gmt":"2025-06-16T20:29:49","guid":{"rendered":"https:\/\/www.education.pf\/dfci\/?page_id=6142"},"modified":"2025-06-21T02:08:49","modified_gmt":"2025-06-21T00:08:49","slug":"ressources","status":"publish","type":"page","link":"https:\/\/www.education.pf\/dfci\/ressources\/","title":{"rendered":"Ressources"},"content":{"rendered":"<div class=\"fusion-fullwidth fullwidth-box fusion-builder-row-1 fusion-flex-container has-pattern-background has-mask-background hundred-percent-fullwidth non-hundred-percent-height-scrolling\" style=\"--awb-border-sizes-top:2;--awb-border-sizes-bottom:2;--awb-border-sizes-left:2;--awb-border-sizes-right:2;--awb-border-color:var(--awb-color1);--awb-border-radius-top-left:0px;--awb-border-radius-top-right:0px;--awb-border-radius-bottom-right:0px;--awb-border-radius-bottom-left:0px;--awb-padding-right:60px;--awb-padding-left:60px;--awb-flex-wrap:wrap;\" ><div class=\"fusion-builder-row fusion-row fusion-flex-align-items-stretch fusion-flex-justify-content-space-around fusion-flex-content-wrap\" style=\"width:104% !important;max-width:104% !important;margin-left: calc(-4% \/ 2 );margin-right: calc(-4% \/ 2 );\"><div class=\"fusion-layout-column fusion_builder_column fusion-builder-column-0 fusion_builder_column_1_2 1_2 fusion-flex-column fusion-flex-align-self-stretch\" style=\"--awb-bg-color:#5c74c6;--awb-bg-color-hover:#5c74c6;--awb-bg-size:cover;--awb-width-large:50%;--awb-margin-top-large:0px;--awb-spacing-right-large:1.92%;--awb-margin-bottom-large:20px;--awb-spacing-left-large:0%;--awb-width-medium:100%;--awb-order-medium:0;--awb-spacing-right-medium:1.92%;--awb-spacing-left-medium:1.92%;--awb-width-small:100%;--awb-order-small:0;--awb-spacing-right-small:1.92%;--awb-spacing-left-small:1.92%;\"><div class=\"fusion-column-wrapper fusion-column-has-shadow fusion-flex-justify-content-center fusion-content-layout-column\"><i class=\"fb-icon-element-1 fb-icon-element fontawesome-icon fa-book-open fas circle-yes fusion-animated\" style=\"--awb-iconcolor:#5c74c6;--awb-iconcolor-hover:#5c74c6;--awb-circlecolor:var(--awb-color1);--awb-circlecolor-hover:var(--awb-color4);--awb-circlebordercolor:var(--awb-color6);--awb-circlebordercolor-hover:var(--awb-color4);--awb-circlebordersize:0px;--awb-font-size:39px;--awb-width:75px;--awb-height:75px;--awb-line-height:75px;--awb-align-self:center;--awb-margin-top:20px px;--awb-margin-right:0px;--awb-margin-bottom:0px;--awb-margin-left:0px;\" data-animationType=\"flipinx\" data-animationDuration=\"3.0\" data-animationOffset=\"top-into-view\"><\/i><div class=\"fusion-text fusion-text-1\" style=\"--awb-margin-top:10px;--awb-margin-left:10px;\"><p style=\"text-align: center;\"><span style=\"color: #ffffff;\">20 id\u00e9es re\u00e7ues sur le d\u00e9veloppement professionnel<\/span><\/p>\n<p style=\"text-align: center;\"><span style=\"color: #ffffff;\">de Fran\u00e7ois MULLER<\/span><\/p>\n<p style=\"text-align: center;\"><span style=\"color: #ffffff;\">Consultant expert en \u00e9ducation et innovation<\/span><\/p>\n<p style=\"text-align: center;\">\n<\/div><div style=\"text-align:center;\"><a class=\"fusion-button button-flat button-large button-custom fusion-button-default button-1 fusion-button-default-span fusion-button-default-type\" style=\"--button_accent_color:#5c74c6;--button_border_color:#5c74c6;--button_accent_hover_color:var(--awb-color1);--button_border_hover_color:var(--awb-color1);--button_border_width-top:1px;--button_border_width-right:1px;--button_border_width-bottom:1px;--button_border_width-left:1px;--button_gradient_top_color:var(--awb-color1);--button_gradient_bottom_color:var(--awb-color1);--button_gradient_top_color_hover:var(--awb-color5);--button_gradient_bottom_color_hover:var(--awb-color5);--button_margin-top:20px;--button_margin-bottom:20px;\" target=\"_blank\" rel=\"noopener noreferrer\" href=\"https:\/\/www.calameo.com\/read\/000087370c03d9e7e5659\"><span class=\"fusion-button-text\">Acc\u00e9der \u00e0 la ressource<\/span><\/a><\/div><\/div><\/div><div class=\"fusion-layout-column fusion_builder_column fusion-builder-column-1 fusion_builder_column_1_2 1_2 fusion-flex-column fusion-flex-align-self-stretch\" style=\"--awb-bg-color:#5c74c6;--awb-bg-color-hover:#5c74c6;--awb-bg-size:cover;--awb-width-large:50%;--awb-margin-top-large:0px;--awb-spacing-right-large:0%;--awb-margin-bottom-large:20px;--awb-spacing-left-large:0%;--awb-width-medium:100%;--awb-order-medium:0;--awb-spacing-right-medium:1.92%;--awb-spacing-left-medium:1.92%;--awb-width-small:100%;--awb-order-small:0;--awb-spacing-right-small:1.92%;--awb-spacing-left-small:1.92%;\"><div class=\"fusion-column-wrapper fusion-column-has-shadow fusion-flex-justify-content-center fusion-content-layout-column\"><i class=\"fb-icon-element-2 fb-icon-element fontawesome-icon fa-book-open fas circle-yes fusion-animated\" style=\"--awb-iconcolor:#5c74c6;--awb-iconcolor-hover:#5c74c6;--awb-circlecolor:var(--awb-color1);--awb-circlecolor-hover:var(--awb-color4);--awb-circlebordercolor:var(--awb-color6);--awb-circlebordercolor-hover:var(--awb-color4);--awb-circlebordersize:0px;--awb-font-size:39px;--awb-width:75px;--awb-height:75px;--awb-line-height:75px;--awb-align-self:center;--awb-margin-top:0px;--awb-margin-right:0px;--awb-margin-bottom:0px;--awb-margin-left:0px;\" data-animationType=\"flipinx\" data-animationDuration=\"3.0\" data-animationOffset=\"top-into-view\"><\/i><div class=\"fusion-text fusion-text-2\" style=\"--awb-content-alignment:center;--awb-margin-top:10px;--awb-margin-left:10px;\"><p style=\"text-align: center;\"><span style=\"color: #ffffff;\">Outils num\u00e9rique <br \/><\/span><\/p>\n<p style=\"text-align: center;\"><span style=\"color: #ffffff;\">Educatech 2025<br \/><\/span><\/p>\n<p style=\"text-align: center;\">&nbsp;<\/p>\n<\/div><div style=\"text-align:center;\"><a class=\"fusion-button button-flat button-large button-custom fusion-button-default button-2 fusion-button-default-span fusion-button-default-type\" style=\"--button_accent_color:#5c74c6;--button_border_color:#5c74c6;--button_accent_hover_color:var(--awb-color1);--button_border_hover_color:var(--awb-color1);--button_border_width-top:1px;--button_border_width-right:1px;--button_border_width-bottom:1px;--button_border_width-left:1px;--button_gradient_top_color:var(--awb-color1);--button_gradient_bottom_color:var(--awb-color1);--button_gradient_top_color_hover:var(--awb-color5);--button_gradient_bottom_color_hover:var(--awb-color5);--button_margin-top:20px;--button_margin-bottom:20px;\" target=\"_blank\" rel=\"noopener noreferrer\" href=\"https:\/\/digipad.app\/p\/1020552\/4f5081705b02f\"><span class=\"fusion-button-text\">Acc\u00e9der au digipad<\/span><\/a><\/div><\/div><\/div><\/div><\/div>\n","protected":false},"excerpt":{"rendered":"","protected":false},"author":2,"featured_media":5885,"parent":0,"menu_order":0,"comment_status":"closed","ping_status":"closed","template":"","meta":{"footnotes":""},"class_list":["post-6142","page","type-page","status-publish","has-post-thumbnail","hentry"],"_links":{"self":[{"href":"https:\/\/www.education.pf\/dfci\/wp-json\/wp\/v2\/pages\/6142","targetHints":{"allow":["GET"]}}],"collection":[{"href":"https:\/\/www.education.pf\/dfci\/wp-json\/wp\/v2\/pages"}],"about":[{"href":"https:\/\/www.education.pf\/dfci\/wp-json\/wp\/v2\/types\/page"}],"author":[{"embeddable":true,"href":"https:\/\/www.education.pf\/dfci\/wp-json\/wp\/v2\/users\/2"}],"replies":[{"embeddable":true,"href":"https:\/\/www.education.pf\/dfci\/wp-json\/wp\/v2\/comments?post=6142"}],"version-history":[{"count":13,"href":"https:\/\/www.education.pf\/dfci\/wp-json\/wp\/v2\/pages\/6142\/revisions"}],"predecessor-version":[{"id":6221,"href":"https:\/\/www.education.pf\/dfci\/wp-json\/wp\/v2\/pages\/6142\/revisions\/6221"}],"wp:featuredmedia":[{"embeddable":true,"href":"https:\/\/www.education.pf\/dfci\/wp-json\/wp\/v2\/media\/5885"}],"wp:attachment":[{"href":"https:\/\/www.education.pf\/dfci\/wp-json\/wp\/v2\/media?parent=6142"}],"curies":[{"name":"wp","href":"https:\/\/api.w.org\/{rel}","templated":true}]}}