{"id":27868,"date":"2024-02-15T20:39:17","date_gmt":"2024-02-15T19:39:17","guid":{"rendered":"https:\/\/www.education.pf\/capsurlhexagone\/?page_id=27868"},"modified":"2024-03-05T02:30:10","modified_gmt":"2024-03-05T01:30:10","slug":"la-polynesie-en-metropole","status":"publish","type":"page","link":"https:\/\/www.education.pf\/capsurlhexagone\/la-polynesie-en-metropole\/","title":{"rendered":"La Polyn\u00e9sie en m\u00e9tropole"},"content":{"rendered":"<h3 style=\"text-align: center;\">M\u00eame si tu es \u00e0 18 000 km du Fenua, tu verras que les Polyn\u00e9siens sont pr\u00e9sents dans quasiment toute la France!<\/h3>\n<h3 style=\"text-align: center;\">Il est fort probable que tu te fasses aborder en plein centre ville par quelqu&rsquo;un qui va te dire \u00ab\u00a0Hey t&rsquo;es de Tahiti?\u00a0\u00bb. \u00c7a peut \u00eatre rassurant de ne pas se sentir isol\u00e9(e) dans une ville que tu commences \u00e0 peine \u00e0 connaitre. Les \u00e9tudiants Polyn\u00e9sien se sont mis en associations dans plusieurs villes de m\u00e9tropole, mais il existe aussi des associations culturelles o\u00f9 se retrouvent amoureux de la Polyn\u00e9sie, militaires et polyn\u00e9siens qui ont fait leur vie en m\u00e9tropole.<\/h3>\n<h3 style=\"text-align: center;\">De plus, le Gouvernement de la Polyn\u00e9sie est pr\u00e9sent \u00e0 paris par l&rsquo;interm\u00e9diaire de la d\u00e9l\u00e9gation de la Polyn\u00e9sie.<\/h3>\n<h3 style=\"text-align: center;\">&#8211; <a href=\"https:\/\/www.education.pf\/capsurlhexagone\/la-polynesie-en-metropole\/la-delegation-de-polynesie-francaise\/\">La D\u00e9l\u00e9gation de la Polyn\u00e9sie fran\u00e7aise<\/a><\/h3>\n<h3 style=\"text-align: center;\">&#8211; <a href=\"https:\/\/www.education.pf\/capsurlhexagone\/la-polynesie-en-metropole\/les-aepf\/\">Les AEPF et la FAEP<\/a><\/h3>\n<h3 style=\"text-align: center;\">&#8211; <a href=\"https:\/\/www.education.pf\/capsurlhexagone\/la-polynesie-en-metropole\/les-autres-associations\/\">Les autres associations<\/a><\/h3>\n","protected":false},"excerpt":{"rendered":"<p>M\u00eame si tu es \u00e0 18 000 km du Fenua, tu verras que les Polyn\u00e9siens sont pr\u00e9sents dans quasiment toute la France! Il est fort [&#8230;]<\/p>\n","protected":false},"author":11,"featured_media":0,"parent":0,"menu_order":7,"comment_status":"closed","ping_status":"closed","template":"","meta":{"_acf_changed":false,"footnotes":""},"class_list":["post-27868","page","type-page","status-publish","hentry"],"acf":[],"yoast_head":"<!-- This site is optimized with the Yoast SEO plugin v27.5 - https:\/\/yoast.com\/product\/yoast-seo-wordpress\/ -->\n<title>La Polyn\u00e9sie en m\u00e9tropole -<\/title>\n<meta name=\"robots\" content=\"index, follow, max-snippet:-1, max-image-preview:large, max-video-preview:-1\" \/>\n<link rel=\"canonical\" href=\"https:\/\/www.education.pf\/capsurlhexagone\/la-polynesie-en-metropole\/\" \/>\n<meta property=\"og:locale\" content=\"fr_FR\" \/>\n<meta property=\"og:type\" content=\"article\" \/>\n<meta property=\"og:title\" content=\"La Polyn\u00e9sie en m\u00e9tropole -\" \/>\n<meta property=\"og:description\" content=\"M\u00eame si tu es \u00e0 18 000 km du Fenua, tu verras que les Polyn\u00e9siens sont pr\u00e9sents dans quasiment toute la France! Il est fort [...]\" \/>\n<meta property=\"og:url\" content=\"https:\/\/www.education.pf\/capsurlhexagone\/la-polynesie-en-metropole\/\" \/>\n<meta property=\"article:modified_time\" content=\"2024-03-05T01:30:10+00:00\" \/>\n<meta name=\"twitter:card\" content=\"summary_large_image\" \/>\n<meta name=\"twitter:label1\" content=\"Dur\u00e9e de lecture estim\u00e9e\" \/>\n\t<meta name=\"twitter:data1\" content=\"1 minute\" \/>\n<script type=\"application\/ld+json\" class=\"yoast-schema-graph\">{\"@context\":\"https:\\\/\\\/schema.org\",\"@graph\":[{\"@type\":\"WebPage\",\"@id\":\"https:\\\/\\\/www.education.pf\\\/capsurlhexagone\\\/la-polynesie-en-metropole\\\/\",\"url\":\"https:\\\/\\\/www.education.pf\\\/capsurlhexagone\\\/la-polynesie-en-metropole\\\/\",\"name\":\"La Polyn\u00e9sie en m\u00e9tropole -\",\"isPartOf\":{\"@id\":\"https:\\\/\\\/www.education.pf\\\/capsurlhexagone\\\/#website\"},\"datePublished\":\"2024-02-15T19:39:17+00:00\",\"dateModified\":\"2024-03-05T01:30:10+00:00\",\"breadcrumb\":{\"@id\":\"https:\\\/\\\/www.education.pf\\\/capsurlhexagone\\\/la-polynesie-en-metropole\\\/#breadcrumb\"},\"inLanguage\":\"fr-FR\",\"potentialAction\":[{\"@type\":\"ReadAction\",\"target\":[\"https:\\\/\\\/www.education.pf\\\/capsurlhexagone\\\/la-polynesie-en-metropole\\\/\"]}]},{\"@type\":\"BreadcrumbList\",\"@id\":\"https:\\\/\\\/www.education.pf\\\/capsurlhexagone\\\/la-polynesie-en-metropole\\\/#breadcrumb\",\"itemListElement\":[{\"@type\":\"ListItem\",\"position\":1,\"name\":\"Accueil\",\"item\":\"https:\\\/\\\/www.education.pf\\\/capsurlhexagone\\\/\"},{\"@type\":\"ListItem\",\"position\":2,\"name\":\"La Polyn\u00e9sie en m\u00e9tropole\"}]},{\"@type\":\"WebSite\",\"@id\":\"https:\\\/\\\/www.education.pf\\\/capsurlhexagone\\\/#website\",\"url\":\"https:\\\/\\\/www.education.pf\\\/capsurlhexagone\\\/\",\"name\":\"\",\"description\":\"\",\"potentialAction\":[{\"@type\":\"SearchAction\",\"target\":{\"@type\":\"EntryPoint\",\"urlTemplate\":\"https:\\\/\\\/www.education.pf\\\/capsurlhexagone\\\/?s={search_term_string}\"},\"query-input\":{\"@type\":\"PropertyValueSpecification\",\"valueRequired\":true,\"valueName\":\"search_term_string\"}}],\"inLanguage\":\"fr-FR\"}]}<\/script>\n<!-- \/ Yoast SEO plugin. -->","yoast_head_json":{"title":"La Polyn\u00e9sie en m\u00e9tropole -","robots":{"index":"index","follow":"follow","max-snippet":"max-snippet:-1","max-image-preview":"max-image-preview:large","max-video-preview":"max-video-preview:-1"},"canonical":"https:\/\/www.education.pf\/capsurlhexagone\/la-polynesie-en-metropole\/","og_locale":"fr_FR","og_type":"article","og_title":"La Polyn\u00e9sie en m\u00e9tropole -","og_description":"M\u00eame si tu es \u00e0 18 000 km du Fenua, tu verras que les Polyn\u00e9siens sont pr\u00e9sents dans quasiment toute la France! Il est fort [...]","og_url":"https:\/\/www.education.pf\/capsurlhexagone\/la-polynesie-en-metropole\/","article_modified_time":"2024-03-05T01:30:10+00:00","twitter_card":"summary_large_image","twitter_misc":{"Dur\u00e9e de lecture estim\u00e9e":"1 minute"},"schema":{"@context":"https:\/\/schema.org","@graph":[{"@type":"WebPage","@id":"https:\/\/www.education.pf\/capsurlhexagone\/la-polynesie-en-metropole\/","url":"https:\/\/www.education.pf\/capsurlhexagone\/la-polynesie-en-metropole\/","name":"La Polyn\u00e9sie en m\u00e9tropole -","isPartOf":{"@id":"https:\/\/www.education.pf\/capsurlhexagone\/#website"},"datePublished":"2024-02-15T19:39:17+00:00","dateModified":"2024-03-05T01:30:10+00:00","breadcrumb":{"@id":"https:\/\/www.education.pf\/capsurlhexagone\/la-polynesie-en-metropole\/#breadcrumb"},"inLanguage":"fr-FR","potentialAction":[{"@type":"ReadAction","target":["https:\/\/www.education.pf\/capsurlhexagone\/la-polynesie-en-metropole\/"]}]},{"@type":"BreadcrumbList","@id":"https:\/\/www.education.pf\/capsurlhexagone\/la-polynesie-en-metropole\/#breadcrumb","itemListElement":[{"@type":"ListItem","position":1,"name":"Accueil","item":"https:\/\/www.education.pf\/capsurlhexagone\/"},{"@type":"ListItem","position":2,"name":"La Polyn\u00e9sie en m\u00e9tropole"}]},{"@type":"WebSite","@id":"https:\/\/www.education.pf\/capsurlhexagone\/#website","url":"https:\/\/www.education.pf\/capsurlhexagone\/","name":"","description":"","potentialAction":[{"@type":"SearchAction","target":{"@type":"EntryPoint","urlTemplate":"https:\/\/www.education.pf\/capsurlhexagone\/?s={search_term_string}"},"query-input":{"@type":"PropertyValueSpecification","valueRequired":true,"valueName":"search_term_string"}}],"inLanguage":"fr-FR"}]}},"_links":{"self":[{"href":"https:\/\/www.education.pf\/capsurlhexagone\/wp-json\/wp\/v2\/pages\/27868","targetHints":{"allow":["GET"]}}],"collection":[{"href":"https:\/\/www.education.pf\/capsurlhexagone\/wp-json\/wp\/v2\/pages"}],"about":[{"href":"https:\/\/www.education.pf\/capsurlhexagone\/wp-json\/wp\/v2\/types\/page"}],"author":[{"embeddable":true,"href":"https:\/\/www.education.pf\/capsurlhexagone\/wp-json\/wp\/v2\/users\/11"}],"replies":[{"embeddable":true,"href":"https:\/\/www.education.pf\/capsurlhexagone\/wp-json\/wp\/v2\/comments?post=27868"}],"version-history":[{"count":5,"href":"https:\/\/www.education.pf\/capsurlhexagone\/wp-json\/wp\/v2\/pages\/27868\/revisions"}],"predecessor-version":[{"id":28009,"href":"https:\/\/www.education.pf\/capsurlhexagone\/wp-json\/wp\/v2\/pages\/27868\/revisions\/28009"}],"wp:attachment":[{"href":"https:\/\/www.education.pf\/capsurlhexagone\/wp-json\/wp\/v2\/media?parent=27868"}],"curies":[{"name":"wp","href":"https:\/\/api.w.org\/{rel}","templated":true}]}}