{"id":27844,"date":"2024-02-15T18:48:29","date_gmt":"2024-02-15T17:48:29","guid":{"rendered":"https:\/\/www.education.pf\/capsurlhexagone\/?page_id=27844"},"modified":"2024-03-05T01:25:40","modified_gmt":"2024-03-05T00:25:40","slug":"le-titeti-turu-haapiiraa","status":"publish","type":"page","link":"https:\/\/www.education.pf\/capsurlhexagone\/transport-mobilite\/les-dispositifs-daide-a-la-mobilite\/le-titeti-turu-haapiiraa\/","title":{"rendered":"Le T\u012bteti Turu Ha&rsquo;api&rsquo;ira&rsquo;a"},"content":{"rendered":"<p>Il est destin\u00e9 aux \u00e9tudiants boursiers de la Polyn\u00e9sie fran\u00e7aise (bourse DGEE).<\/p>\n<p>Le dispositif T\u012bteti turu ha\u2019api\u2019ira\u2019a donne droit, par ann\u00e9e scolaire ou universitaire, \u00e0 la prise en charge \u00e0 100 % par la Polyn\u00e9sie fran\u00e7aise, par les voies et selon les tarifs les plus \u00e9conomiques, des frais de transport a\u00e9rien pour un voyage aller et retour entre sa r\u00e9sidence en Polyn\u00e9sie fran\u00e7aise et son \u00e9tablissement d\u2019enseignement en m\u00e9tropole ou \u00e0 l\u2019\u00e9tranger.<\/p>\n<p>La fili\u00e8re d&rsquo;\u00e9tudes ne doit pas exister ou \u00eatre satur\u00e9e sur le Territoire, accord\u00e9 sous condition de ressources. Sont \u00e9ligibles au dispositif, les \u00e9tudiants b\u00e9n\u00e9ficiant d\u2019une bourse du Pays non major\u00e9e et d\u2019une bourse major\u00e9e dont le quotient familial est compris entre 0 et 700 F<\/p>\n<p>Dans le cadre de cette prise en charge, le candidat doit remplir le formulaire et fournir les pi\u00e8ces list\u00e9es ci-dessous au plus tard le 31 octobre de l&rsquo;ann\u00e9e d&rsquo;\u00e9tudes.<br \/>\nPour toutes les rentr\u00e9es scolaires ou universitaires post\u00e9rieures \u00e0 cette date, le dossier complet doit \u00eatre transmis au plus tard un mois apr\u00e8s la date de rentr\u00e9e effective.<\/p>\n<p><strong>Pour les r\u00e9quisitions<br \/>\n<\/strong><\/p>\n<ul>\n<li>photocopie du passeport en cours de validit\u00e9,<\/li>\n<li>certificat de scolarit\u00e9 ou d\u2019attestation de pr\u00e9 inscription,<\/li>\n<li>Facture pro-forma libell\u00e9e au nom de la Direction g\u00e9n\u00e9rale de l\u2019\u00e9ducation et des enseignements \u00e9tablie par Air Tahiti Nui accompagn\u00e9e de l\u2019itin\u00e9raire. <strong>Important : la gestion des dates d\u2019option est de la responsabilit\u00e9 des \u00e9tudiants.<\/strong><\/li>\n<\/ul>\n<p><strong><u>Pour les remboursements \u00e0 fournir au plus tard au 31 octobre de l\u2019ann\u00e9e en cours<\/u><\/strong><\/p>\n<ul>\n<li>certificat de scolarit\u00e9,<\/li>\n<li>Dans le cas o\u00f9 la facture acquitt\u00e9e est au nom d\u2019une compagnie autre qu\u2019Air Tahiti Nui, produire facture-devis par la compagnie a\u00e9rienne Air Tahiti Nui pr\u00e9cisant le tarif pour la m\u00eame prestation que celle pour laquelle le remboursement est demand\u00e9. Attention : le montant du remboursement sera effectu\u00e9 \u00e0 hauteur du tarif le plus \u00e9conomique.Le reste est sans changement.<\/li>\n<li>original de la facture acquitt\u00e9e du billet d\u2019avion de l\u2019\u00e9tudiant. Attention : le montant du remboursement sera effectu\u00e9 \u00e0 hauteur du tarif propos\u00e9 par la compagnie a\u00e9rienne la moins ch\u00e8re,<\/li>\n<li>carte(s) d\u2019embarquement,<\/li>\n<li>relev\u00e9 d\u2019identit\u00e9 bancaire au nom de l\u2019\u00e9tudiant.<\/li>\n<\/ul>\n<p>Le b\u00e9n\u00e9ficiaire pourra \u00eatre tenu de rembourser la prise en charge en cas de d\u00e9faut de pr\u00e9sentation du certificat de scolarit\u00e9.<\/p>\n<p>Pour plus de renseignements et pour t\u00e9l\u00e9charger le formulaire de demande de prise en charge: <a href=\"https:\/\/www.education.pf\/je-demande-une-bourse\/dispositif-titeti-turu-haapiiraa\/\">https:\/\/www.education.pf\/je-demande-une-bourse\/dispositif-titeti-turu-haapiiraa\/<\/a><\/p>\n","protected":false},"excerpt":{"rendered":"<p>Il est destin\u00e9 aux \u00e9tudiants boursiers de la Polyn\u00e9sie fran\u00e7aise (bourse DGEE). Le dispositif T\u012bteti turu ha\u2019api\u2019ira\u2019a donne droit, par ann\u00e9e scolaire ou universitaire, \u00e0 [&#8230;]<\/p>\n","protected":false},"author":11,"featured_media":0,"parent":27842,"menu_order":1,"comment_status":"closed","ping_status":"closed","template":"","meta":{"_acf_changed":false,"footnotes":""},"class_list":["post-27844","page","type-page","status-publish","hentry"],"acf":[],"yoast_head":"<!-- This site is optimized with the Yoast SEO plugin v27.5 - https:\/\/yoast.com\/product\/yoast-seo-wordpress\/ -->\n<title>Le T\u012bteti Turu Ha&#039;api&#039;ira&#039;a -<\/title>\n<meta name=\"robots\" content=\"index, follow, max-snippet:-1, max-image-preview:large, max-video-preview:-1\" \/>\n<link rel=\"canonical\" href=\"https:\/\/www.education.pf\/capsurlhexagone\/transport-mobilite\/les-dispositifs-daide-a-la-mobilite\/le-titeti-turu-haapiiraa\/\" \/>\n<meta property=\"og:locale\" content=\"fr_FR\" \/>\n<meta property=\"og:type\" content=\"article\" \/>\n<meta property=\"og:title\" content=\"Le T\u012bteti Turu Ha&#039;api&#039;ira&#039;a -\" \/>\n<meta property=\"og:description\" content=\"Il est destin\u00e9 aux \u00e9tudiants boursiers de la Polyn\u00e9sie fran\u00e7aise (bourse DGEE). Le dispositif T\u012bteti turu ha\u2019api\u2019ira\u2019a donne droit, par ann\u00e9e scolaire ou universitaire, \u00e0 [...]\" \/>\n<meta property=\"og:url\" content=\"https:\/\/www.education.pf\/capsurlhexagone\/transport-mobilite\/les-dispositifs-daide-a-la-mobilite\/le-titeti-turu-haapiiraa\/\" \/>\n<meta property=\"article:modified_time\" content=\"2024-03-05T00:25:40+00:00\" \/>\n<meta name=\"twitter:card\" content=\"summary_large_image\" \/>\n<meta name=\"twitter:label1\" content=\"Dur\u00e9e de lecture estim\u00e9e\" \/>\n\t<meta name=\"twitter:data1\" content=\"2 minutes\" \/>\n<script type=\"application\/ld+json\" class=\"yoast-schema-graph\">{\"@context\":\"https:\\\/\\\/schema.org\",\"@graph\":[{\"@type\":\"WebPage\",\"@id\":\"https:\\\/\\\/www.education.pf\\\/capsurlhexagone\\\/transport-mobilite\\\/les-dispositifs-daide-a-la-mobilite\\\/le-titeti-turu-haapiiraa\\\/\",\"url\":\"https:\\\/\\\/www.education.pf\\\/capsurlhexagone\\\/transport-mobilite\\\/les-dispositifs-daide-a-la-mobilite\\\/le-titeti-turu-haapiiraa\\\/\",\"name\":\"Le T\u012bteti Turu Ha'api'ira'a -\",\"isPartOf\":{\"@id\":\"https:\\\/\\\/www.education.pf\\\/capsurlhexagone\\\/#website\"},\"datePublished\":\"2024-02-15T17:48:29+00:00\",\"dateModified\":\"2024-03-05T00:25:40+00:00\",\"breadcrumb\":{\"@id\":\"https:\\\/\\\/www.education.pf\\\/capsurlhexagone\\\/transport-mobilite\\\/les-dispositifs-daide-a-la-mobilite\\\/le-titeti-turu-haapiiraa\\\/#breadcrumb\"},\"inLanguage\":\"fr-FR\",\"potentialAction\":[{\"@type\":\"ReadAction\",\"target\":[\"https:\\\/\\\/www.education.pf\\\/capsurlhexagone\\\/transport-mobilite\\\/les-dispositifs-daide-a-la-mobilite\\\/le-titeti-turu-haapiiraa\\\/\"]}]},{\"@type\":\"BreadcrumbList\",\"@id\":\"https:\\\/\\\/www.education.pf\\\/capsurlhexagone\\\/transport-mobilite\\\/les-dispositifs-daide-a-la-mobilite\\\/le-titeti-turu-haapiiraa\\\/#breadcrumb\",\"itemListElement\":[{\"@type\":\"ListItem\",\"position\":1,\"name\":\"Accueil\",\"item\":\"https:\\\/\\\/www.education.pf\\\/capsurlhexagone\\\/\"},{\"@type\":\"ListItem\",\"position\":2,\"name\":\"Transport-mobilit\u00e9\",\"item\":\"https:\\\/\\\/www.education.pf\\\/capsurlhexagone\\\/transport-mobilite\\\/\"},{\"@type\":\"ListItem\",\"position\":3,\"name\":\"Les dispositifs d&rsquo;aide \u00e0 la mobilit\u00e9\",\"item\":\"https:\\\/\\\/www.education.pf\\\/capsurlhexagone\\\/transport-mobilite\\\/les-dispositifs-daide-a-la-mobilite\\\/\"},{\"@type\":\"ListItem\",\"position\":4,\"name\":\"Le T\u012bteti Turu Ha&rsquo;api&rsquo;ira&rsquo;a\"}]},{\"@type\":\"WebSite\",\"@id\":\"https:\\\/\\\/www.education.pf\\\/capsurlhexagone\\\/#website\",\"url\":\"https:\\\/\\\/www.education.pf\\\/capsurlhexagone\\\/\",\"name\":\"\",\"description\":\"\",\"potentialAction\":[{\"@type\":\"SearchAction\",\"target\":{\"@type\":\"EntryPoint\",\"urlTemplate\":\"https:\\\/\\\/www.education.pf\\\/capsurlhexagone\\\/?s={search_term_string}\"},\"query-input\":{\"@type\":\"PropertyValueSpecification\",\"valueRequired\":true,\"valueName\":\"search_term_string\"}}],\"inLanguage\":\"fr-FR\"}]}<\/script>\n<!-- \/ Yoast SEO plugin. -->","yoast_head_json":{"title":"Le T\u012bteti Turu Ha'api'ira'a -","robots":{"index":"index","follow":"follow","max-snippet":"max-snippet:-1","max-image-preview":"max-image-preview:large","max-video-preview":"max-video-preview:-1"},"canonical":"https:\/\/www.education.pf\/capsurlhexagone\/transport-mobilite\/les-dispositifs-daide-a-la-mobilite\/le-titeti-turu-haapiiraa\/","og_locale":"fr_FR","og_type":"article","og_title":"Le T\u012bteti Turu Ha'api'ira'a -","og_description":"Il est destin\u00e9 aux \u00e9tudiants boursiers de la Polyn\u00e9sie fran\u00e7aise (bourse DGEE). Le dispositif T\u012bteti turu ha\u2019api\u2019ira\u2019a donne droit, par ann\u00e9e scolaire ou universitaire, \u00e0 [...]","og_url":"https:\/\/www.education.pf\/capsurlhexagone\/transport-mobilite\/les-dispositifs-daide-a-la-mobilite\/le-titeti-turu-haapiiraa\/","article_modified_time":"2024-03-05T00:25:40+00:00","twitter_card":"summary_large_image","twitter_misc":{"Dur\u00e9e de lecture estim\u00e9e":"2 minutes"},"schema":{"@context":"https:\/\/schema.org","@graph":[{"@type":"WebPage","@id":"https:\/\/www.education.pf\/capsurlhexagone\/transport-mobilite\/les-dispositifs-daide-a-la-mobilite\/le-titeti-turu-haapiiraa\/","url":"https:\/\/www.education.pf\/capsurlhexagone\/transport-mobilite\/les-dispositifs-daide-a-la-mobilite\/le-titeti-turu-haapiiraa\/","name":"Le T\u012bteti Turu Ha'api'ira'a -","isPartOf":{"@id":"https:\/\/www.education.pf\/capsurlhexagone\/#website"},"datePublished":"2024-02-15T17:48:29+00:00","dateModified":"2024-03-05T00:25:40+00:00","breadcrumb":{"@id":"https:\/\/www.education.pf\/capsurlhexagone\/transport-mobilite\/les-dispositifs-daide-a-la-mobilite\/le-titeti-turu-haapiiraa\/#breadcrumb"},"inLanguage":"fr-FR","potentialAction":[{"@type":"ReadAction","target":["https:\/\/www.education.pf\/capsurlhexagone\/transport-mobilite\/les-dispositifs-daide-a-la-mobilite\/le-titeti-turu-haapiiraa\/"]}]},{"@type":"BreadcrumbList","@id":"https:\/\/www.education.pf\/capsurlhexagone\/transport-mobilite\/les-dispositifs-daide-a-la-mobilite\/le-titeti-turu-haapiiraa\/#breadcrumb","itemListElement":[{"@type":"ListItem","position":1,"name":"Accueil","item":"https:\/\/www.education.pf\/capsurlhexagone\/"},{"@type":"ListItem","position":2,"name":"Transport-mobilit\u00e9","item":"https:\/\/www.education.pf\/capsurlhexagone\/transport-mobilite\/"},{"@type":"ListItem","position":3,"name":"Les dispositifs d&rsquo;aide \u00e0 la mobilit\u00e9","item":"https:\/\/www.education.pf\/capsurlhexagone\/transport-mobilite\/les-dispositifs-daide-a-la-mobilite\/"},{"@type":"ListItem","position":4,"name":"Le T\u012bteti Turu Ha&rsquo;api&rsquo;ira&rsquo;a"}]},{"@type":"WebSite","@id":"https:\/\/www.education.pf\/capsurlhexagone\/#website","url":"https:\/\/www.education.pf\/capsurlhexagone\/","name":"","description":"","potentialAction":[{"@type":"SearchAction","target":{"@type":"EntryPoint","urlTemplate":"https:\/\/www.education.pf\/capsurlhexagone\/?s={search_term_string}"},"query-input":{"@type":"PropertyValueSpecification","valueRequired":true,"valueName":"search_term_string"}}],"inLanguage":"fr-FR"}]}},"_links":{"self":[{"href":"https:\/\/www.education.pf\/capsurlhexagone\/wp-json\/wp\/v2\/pages\/27844","targetHints":{"allow":["GET"]}}],"collection":[{"href":"https:\/\/www.education.pf\/capsurlhexagone\/wp-json\/wp\/v2\/pages"}],"about":[{"href":"https:\/\/www.education.pf\/capsurlhexagone\/wp-json\/wp\/v2\/types\/page"}],"author":[{"embeddable":true,"href":"https:\/\/www.education.pf\/capsurlhexagone\/wp-json\/wp\/v2\/users\/11"}],"replies":[{"embeddable":true,"href":"https:\/\/www.education.pf\/capsurlhexagone\/wp-json\/wp\/v2\/comments?post=27844"}],"version-history":[{"count":4,"href":"https:\/\/www.education.pf\/capsurlhexagone\/wp-json\/wp\/v2\/pages\/27844\/revisions"}],"predecessor-version":[{"id":27986,"href":"https:\/\/www.education.pf\/capsurlhexagone\/wp-json\/wp\/v2\/pages\/27844\/revisions\/27986"}],"up":[{"embeddable":true,"href":"https:\/\/www.education.pf\/capsurlhexagone\/wp-json\/wp\/v2\/pages\/27842"}],"wp:attachment":[{"href":"https:\/\/www.education.pf\/capsurlhexagone\/wp-json\/wp\/v2\/media?parent=27844"}],"curies":[{"name":"wp","href":"https:\/\/api.w.org\/{rel}","templated":true}]}}