{"id":27801,"date":"2024-02-15T18:02:52","date_gmt":"2024-02-15T17:02:52","guid":{"rendered":"https:\/\/www.education.pf\/capsurlhexagone\/?page_id=27801"},"modified":"2026-02-17T02:30:01","modified_gmt":"2026-02-17T01:30:01","slug":"les-differents-types-de-logement","status":"publish","type":"page","link":"https:\/\/www.education.pf\/capsurlhexagone\/le-logement-2\/les-differents-types-de-logement\/","title":{"rendered":"Les diff\u00e9rents types de logement"},"content":{"rendered":"<p>Il existe plusieurs types de locations pour un \u00e9tudiant. Nous allons essay\u00e9 de te les pr\u00e9senter de mani\u00e8re \u00e0 ce que tu puisses faire ton choix:<\/p>\n<p>&#8211; Le logement \u00e9tudiant du CROUS: les chambres et r\u00e9sidences universitaires<\/p>\n<p>&#8211; Les r\u00e9sidences \u00e9tudiantes<\/p>\n<p>&#8211; la chambre chez l&rsquo;habitant<\/p>\n<p>&#8211; la colocation<\/p>\n<p>&#8211; le logement interg\u00e9n\u00e9rationnel<\/p>\n<p>&#8211; Le logement priv\u00e9 ( via une agence ou directement avec un particulier)<\/p>\n<p>&#8211; Le logement HLM et les foyers<\/p>\n<p>&nbsp;<\/p>\n<p><strong><em>Les logements du CROUS:<\/em><\/strong><\/p>\n<p>Chambres meubl\u00e9es en r\u00e9sidence universitaire, plus ou moins vastes selon les <strong>CROUS<\/strong>. Selon les r\u00e9sidences, des chambres ou studios accessibles, sp\u00e9cialement am\u00e9nag\u00e9s pour les \u00e9tudiants handicap\u00e9s, sont disponibles.<\/p>\n<p>Les places en r\u00e9sidence sont attribu\u00e9es prioritairement sur crit\u00e8res sociaux apr\u00e8s examen du dossier de chaque candidat.\u00a0La <strong>demande de logement<\/strong> en r\u00e9sidence universitaire est g\u00e9r\u00e9e par les <strong>CROUS<\/strong> et se fait via Dossier Social Etudiant (DES). Chaque \u00e9tudiant constitue un dossier unique m\u00eame s\u2019il est candidat \u00e0 l\u2019entr\u00e9e dans plusieurs \u00e9tablissements ou s\u2019il sollicite plusieurs aides, quelle que soit l\u2019acad\u00e9mie.<\/p>\n<ul>\n<li><strong>R\u00e9sidences universitaires<\/strong> <strong><em>traditionnelles<\/em><\/strong>, chambre meubl\u00e9e de <strong>9m\u00b2<\/strong>, sanitaires communs, cuisinettes collectives, salles de travail et de d\u00e9tente, \u00e9lectricit\u00e9 et chauffage compris\u00a0: <strong>200\u20ac mensuel en moyenne<br \/>\n<\/strong><\/li>\n<li><strong>R\u00e9sidences universitaires <em>nouvelles<\/em><\/strong>, studios de<strong> 18 \u00e0 23 m\u00b2<\/strong> avec cuisine, salle de bains et c\u00e2blage, services collectifs (laverie, caf\u00e9t\u00e9ria, photocopieuse, salle de jeux, de sport, biblioth\u00e8que, acc\u00e8s internet, etc.)\u00a0: de <strong>250\u20ac \u00e0 450\u20ac en moyenne selon les villes<\/strong><\/li>\n<\/ul>\n<p>Comment faire sa demande? Tu dois faire ton DSE via le site\u00a0 <a href=\"https:\/\/www.messervices.etudiant.gouv.fr\">https:\/\/www.messervices.etudiant.gouv.fr <\/a>et cocher \u00ab\u00a0demander un logement\u00a0\u00bb avant le 31 mai et ensuite faire ta demande de logement via <a href=\"https:\/\/trouverunlogement.lescrous.fr\/\">https:\/\/trouverunlogement.lescrous.fr\/<\/a><\/p>\n<p>Trois tours pour l&rsquo;attribution des logements:<\/p>\n<ul>\n<li><strong>\u00ab Tour 1 \u00bb<\/strong><\/li>\n<\/ul>\n<p>&#8211; Saisie des voeux \u00e0 partir du <strong>5 mai 2026<\/strong><\/p>\n<p>&#8211; Fin de la saisie des voeux : <strong>1er juin 22h<\/strong> ( heure de Tahiti)<\/p>\n<p>&#8211; R\u00e9sultats: <strong>2 juin 2026<\/strong><\/p>\n<p>&#8211; Confirmation du choix: avant le <strong>7 juin 2026 11h59<\/strong> ( heure de Tahiti)<\/p>\n<ul>\n<li><strong>\u00ab Tour 2 \u00bb<\/strong><\/li>\n<\/ul>\n<p>&#8211; Saisie des voeux \u00e0 partir du <strong>9 juin 2026<\/strong><\/p>\n<p>&#8211; Fin de la saisie des voeux : <strong>15 juin 22h<\/strong> ( heure de Tahiti)<\/p>\n<p>&#8211; R\u00e9sultats: <strong>16 juin 2026<\/strong><\/p>\n<p>&#8211; Confirmation du choix: avant le <strong>21<\/strong> <strong>\u00a0juin 2026 11h59<\/strong> ( heure de Tahiti)<\/p>\n<ul>\n<li><strong>\u00ab Tour 3 \u00bb<\/strong><\/li>\n<\/ul>\n<p>&#8211; Saisie des voeux \u00e0 partir du <strong>23 juin 2026<\/strong><\/p>\n<p>&#8211; Fin de la saisie des voeux : <strong>29 juin 22h<\/strong> ( heure de Tahiti)<\/p>\n<p>&#8211; R\u00e9sultats: <strong>30 juin 2026<\/strong><\/p>\n<p>&#8211; Confirmation du choix: avant le <strong>5 juillet<\/strong><strong>\u00a02026 11h59<\/strong> ( heure de Tahiti)<\/p>\n<p>&nbsp;<\/p>\n<p>Si aucun \u00e9tablissement ne t&rsquo;a \u00e9t\u00e9 attribu\u00e9 \u00e0 la fin des 3 tours ou si tu n&rsquo;es pas \u00e9ligible au DSE, tu pourras participer \u00e0 la <strong>phase compl\u00e9mentaire<\/strong> qui d\u00e9butera le <strong>7 juillet 2026<\/strong><\/p>\n<p>&nbsp;<\/p>\n<p>Plus d&rsquo;info sur les attributions des logements crous sur <a href=\"https:\/\/www.etudiant.gouv.fr\/fr\/comment-se-passe-l-attribution-des-logements-en-residence-73\">https:\/\/www.etudiant.gouv.fr\/fr\/comment-se-passe-l-attribution-des-logements-en-residence-73<\/a><\/p>\n<p><em><strong>Les r\u00e9sidences \u00e9tudiantes:<\/strong><\/em><\/p>\n<p>R\u00e9serv\u00e9es \u00e0 l\u2019h\u00e9bergement des \u00e9tudiants, mais pas g\u00e9r\u00e9es par les CROUS, elles sont en majorit\u00e9 situ\u00e9es \u00e0 proximit\u00e9 d\u2019\u00e9tablissement d&rsquo;enseignements sup\u00e9rieur et sont souvent proche des dessertes de transports en commun. Il en existe deux sortes: des appartements vides ou bien des appartements enti\u00e8rement meubl\u00e9s et \u00e9quip\u00e9s avec de nombreux services ( comme \u00e0 l&rsquo;h\u00f4tel!!)<\/p>\n<p>Elles sont souvent g\u00e9r\u00e9es par des agences immobili\u00e8res sp\u00e9cialis\u00e9es.<\/p>\n<p>Vous trouverez un grand choix de r\u00e9sidences \u00e9tudiantes sur <a href=\"http:\/\/www.adele.org\">www.adele.org<\/a><\/p>\n<p><em><strong>La chambre chez l&rsquo;habitant:<\/strong><\/em><\/p>\n<p>Il est possible de louer chez un particulier une chambre qu&rsquo;il met \u00e0 disposition pour les \u00e9tudiants. Tu en trouveras dans les principales villes \u00e9tudiantes en surfant sur <a href=\"http:\/\/www.lokaviz.fr\">www.lokaviz.fr<\/a><\/p>\n<p><em><strong>La colocation:<\/strong><\/em><\/p>\n<p>elle consiste \u00e0 partager un logement \u00e0 plusieurs, tout en \u00e9tant chacun signataire d&rsquo;un contrat de location avec le m\u00eame propri\u00e9taire. Plus qu&rsquo;une solution pour se loger, c&rsquo;est avant tout un art de vivre de plus en plus pl\u00e9biscit\u00e9 par les \u00e9tudiants.<\/p>\n<p>Quoi qu&rsquo;il en soit, deux cas de figure se pr\u00e9sentent \u00e0 toi:<\/p>\n<p>* soit tu cherches \u00e0 int\u00e9grer une colocation existante<\/p>\n<p>* soit tu souhaites cr\u00e9er la tienne avec des ami(e)s. Dans ce cas, il va falloir chercher un logement pouvant accueillir ta <em>team<\/em> de choc!<\/p>\n<p>Le bon d\u00e9roulement d&rsquo;une coloc&rsquo; implique une entente correcte entre les colocataires qui doivent s&rsquo;organiser pour g\u00e9rer les d\u00e9penses communes comme le loyer, les charges, la taxe d&rsquo;habitation etc&#8230;<\/p>\n<p>Le respect des affaires et de l&rsquo;intimit\u00e9 de chacun(e) reste un \u00e9l\u00e9ment essentiel au bon d\u00e9roulement d&rsquo;une colocation!<\/p>\n<p>Quelques adresse pour t&rsquo;aider \u00e0 trouver la coloc&rsquo; id\u00e9ale:<\/p>\n<p><a href=\"http:\/\/www.appartager.com\">www.appartager.com<\/a><\/p>\n<p><a href=\"http:\/\/www.lacartedescolocs.fr\">www.lacartedescolocs.fr<\/a><\/p>\n<p><a href=\"http:\/\/www.roomster.com\">www.roomster.com<\/a><\/p>\n<p><a href=\"http:\/\/www.locservice.fr\">www.locservice.fr<\/a><\/p>\n<p>Concernant le contrat de location, deux solutions s&rsquo;offrent \u00e0 toi:<\/p>\n<ul>\n<li>plusieurs contrats de location: chaque colocataire signe son propre contrat<\/li>\n<li>un contrat de location unique<\/li>\n<\/ul>\n<p><em>FOCUS: le contrat de colocation pr\u00e9voit une clause de solidarit\u00e9 qui stipule qu&rsquo;en cas de d\u00e9faillance du groupe, le ou les colocataires solvables doivent payer l&rsquo;ensemble du loyer et des charges. Idem en cas de d\u00e9gradation du lieu. Il est conseill\u00e9 de souscrire ensemble chez le m\u00eame assureur une assurance multi risque habitation et responsabilit\u00e9 civile afin de couvrir les responsabilit\u00e9s de chacun mais aussi des tiers.<\/em><\/p>\n<p><em><strong>Le logement interg\u00e9n\u00e9rationnel<\/strong><\/em><\/p>\n<p>Tu cohabites avec un s\u00e9nior et tu dispose d&rsquo;une chambre meubl\u00e9e pour un co\u00fbt mod\u00e9r\u00e9 avec un acc\u00e8s aux parties communes dans le respect des r\u00e8gles de vie de la personne selon deux formules:<\/p>\n<ul>\n<li>La solidarit\u00e9: tu donnes de ton temps pour tenir compagnie et ou quelques menus services exceptionnels sans prendre la place d&rsquo;un personnel qualifi\u00e9 ( tu n&rsquo;es ni infirmier(e) ni auxiliaire de vie!) et tu payes une simple participation aux frais ( tu peux faire jusqu&rsquo;\u00e0 48% d&rsquo;\u00e9conomie sur ton budget logement!)<\/li>\n<li>La convivialit\u00e9: tu b\u00e9n\u00e9ficies d&rsquo;une chambre \u00e0 ton usage personnel dans un esprit purement de convivialit\u00e9 et tu ne payes qu&rsquo;une simple participation aux frais ( l\u00e0 aussi tu peux faire une belle \u00e9conomie)<\/li>\n<\/ul>\n<p>Les avantages? un espace de travail serein et un acc\u00e8s \u00e0 internet, un logement peu on\u00e9reux et une \u00e9ligibilit\u00e9 aux aides, une pr\u00e9sence rassurante, pour toi comme pour la personne \u00e0 qui tu apportes de la compagnie!!!<\/p>\n<p><em><strong>Le logement priv\u00e9 ( via agence ou particulier)<\/strong><\/em><\/p>\n<p>Une des solutions les plus courantes reste de passer par un professionnel de l&rsquo;immobilier ou de faire les petites annonces.<\/p>\n<p>Les agences immobili\u00e8res offrent un large choix d&rsquo;appartement ( du studio au T5 en passant par les T2 voir m\u00eame les villas!) Le plus difficile dans ce cas, c&rsquo;est la question de la caution solidaire&#8230; Certaines agences rechignent \u00e0 avoir un garant en Polyn\u00e9sie.<\/p>\n<p>A la signature du bail, les agences te demanderont:<\/p>\n<ul>\n<li>les honoraires de l&rsquo;agence ( commun\u00e9ment appel\u00e9es les frais d&rsquo;agence qui s&rsquo;\u00e9l\u00e8vent en g\u00e9n\u00e9ral \u00e0 1 mois de loyer)<\/li>\n<li>un mois de caution<\/li>\n<li>le 1er mois de loyer<\/li>\n<\/ul>\n<p>Les particuliers, plus long, plus risqu\u00e9 qu&rsquo;une agence immobili\u00e8re&#8230; Tu dois \u00e9plucher les petites annonces ( sur le net ou dans les magazines gratuits que tu trouvent \u00e0 la sortie des grandes surfaces) et surtout rester vigilent! Tu n&rsquo;es pas \u00e0 l&rsquo;abri d&rsquo;une arnaque! Fais toi accompagner par quelqu&rsquo;un qui connait un minimum la ville et les r\u00e8gles de la location&#8230;<\/p>\n<p>Moins risqu\u00e9, passer par LoKaviz, <a href=\"http:\/\/www.locaviz.fr\">www.lokaviz.fr<\/a> site agr\u00e9e par le CROUS&#8230; Tu y trouveras des logements chez des particuliers et te permettra de b\u00e9n\u00e9ficier des aides au logement&#8230;<\/p>\n<p><em><strong>Le logement HLM et les foyers<\/strong><\/em><\/p>\n<p>Le logement HLM ( Habitation \u00e0 loyer mod\u00e9r\u00e9) est un logement social qui vise \u00e0 offrir un logement \u00e0 tous ceux qui peinent \u00e0 se loger de fa\u00e7on descente dans les conditions du march\u00e9. En pratique, des ann\u00e9es s&rsquo;\u00e9coulent avant que ton dossier ne soit trait\u00e9. Ce n&rsquo;est pas un moyen de se loger d\u00e8s ta premi\u00e8re ann\u00e9e. Mais rien n&#8217;emp\u00eache de monter un dossier une fois en m\u00e9tropole&#8230;<\/p>\n<p>Les foyers sont un compromis entre la colocation et l&rsquo;h\u00f4tel. ils permettent de go\u00fbter \u00e0 une relative ind\u00e9pendance. Mais attention, l&rsquo;existence d&rsquo;un r\u00e8glement int\u00e9rieur peut parfois para\u00eetre un brin contraignant. Si ce type de logement t\u2019int\u00e9resse, commence t\u00f4t tes recherches car il y a peux de foyers et la demande est forte.<\/p>\n","protected":false},"excerpt":{"rendered":"<p>Il existe plusieurs types de locations pour un \u00e9tudiant. Nous allons essay\u00e9 de te les pr\u00e9senter de mani\u00e8re \u00e0 ce que tu puisses faire ton [&#8230;]<\/p>\n","protected":false},"author":11,"featured_media":0,"parent":27119,"menu_order":1,"comment_status":"closed","ping_status":"closed","template":"","meta":{"_acf_changed":false,"footnotes":""},"class_list":["post-27801","page","type-page","status-publish","hentry"],"acf":[],"yoast_head":"<!-- This site is optimized with the Yoast SEO plugin v27.5 - https:\/\/yoast.com\/product\/yoast-seo-wordpress\/ -->\n<title>Les diff\u00e9rents types de logement -<\/title>\n<meta name=\"robots\" content=\"index, follow, max-snippet:-1, max-image-preview:large, max-video-preview:-1\" \/>\n<link rel=\"canonical\" href=\"https:\/\/www.education.pf\/capsurlhexagone\/le-logement-2\/les-differents-types-de-logement\/\" \/>\n<meta property=\"og:locale\" content=\"fr_FR\" \/>\n<meta property=\"og:type\" content=\"article\" \/>\n<meta property=\"og:title\" content=\"Les diff\u00e9rents types de logement -\" \/>\n<meta property=\"og:description\" content=\"Il existe plusieurs types de locations pour un \u00e9tudiant. Nous allons essay\u00e9 de te les pr\u00e9senter de mani\u00e8re \u00e0 ce que tu puisses faire ton [...]\" \/>\n<meta property=\"og:url\" content=\"https:\/\/www.education.pf\/capsurlhexagone\/le-logement-2\/les-differents-types-de-logement\/\" \/>\n<meta property=\"article:modified_time\" content=\"2026-02-17T01:30:01+00:00\" \/>\n<meta name=\"twitter:card\" content=\"summary_large_image\" \/>\n<meta name=\"twitter:label1\" content=\"Dur\u00e9e de lecture estim\u00e9e\" \/>\n\t<meta name=\"twitter:data1\" content=\"7 minutes\" \/>\n<script type=\"application\/ld+json\" class=\"yoast-schema-graph\">{\"@context\":\"https:\\\/\\\/schema.org\",\"@graph\":[{\"@type\":\"WebPage\",\"@id\":\"https:\\\/\\\/www.education.pf\\\/capsurlhexagone\\\/le-logement-2\\\/les-differents-types-de-logement\\\/\",\"url\":\"https:\\\/\\\/www.education.pf\\\/capsurlhexagone\\\/le-logement-2\\\/les-differents-types-de-logement\\\/\",\"name\":\"Les diff\u00e9rents types de logement -\",\"isPartOf\":{\"@id\":\"https:\\\/\\\/www.education.pf\\\/capsurlhexagone\\\/#website\"},\"datePublished\":\"2024-02-15T17:02:52+00:00\",\"dateModified\":\"2026-02-17T01:30:01+00:00\",\"breadcrumb\":{\"@id\":\"https:\\\/\\\/www.education.pf\\\/capsurlhexagone\\\/le-logement-2\\\/les-differents-types-de-logement\\\/#breadcrumb\"},\"inLanguage\":\"fr-FR\",\"potentialAction\":[{\"@type\":\"ReadAction\",\"target\":[\"https:\\\/\\\/www.education.pf\\\/capsurlhexagone\\\/le-logement-2\\\/les-differents-types-de-logement\\\/\"]}]},{\"@type\":\"BreadcrumbList\",\"@id\":\"https:\\\/\\\/www.education.pf\\\/capsurlhexagone\\\/le-logement-2\\\/les-differents-types-de-logement\\\/#breadcrumb\",\"itemListElement\":[{\"@type\":\"ListItem\",\"position\":1,\"name\":\"Accueil\",\"item\":\"https:\\\/\\\/www.education.pf\\\/capsurlhexagone\\\/\"},{\"@type\":\"ListItem\",\"position\":2,\"name\":\"Le logement\",\"item\":\"https:\\\/\\\/www.education.pf\\\/capsurlhexagone\\\/le-logement-2\\\/\"},{\"@type\":\"ListItem\",\"position\":3,\"name\":\"Les diff\u00e9rents types de logement\"}]},{\"@type\":\"WebSite\",\"@id\":\"https:\\\/\\\/www.education.pf\\\/capsurlhexagone\\\/#website\",\"url\":\"https:\\\/\\\/www.education.pf\\\/capsurlhexagone\\\/\",\"name\":\"\",\"description\":\"\",\"potentialAction\":[{\"@type\":\"SearchAction\",\"target\":{\"@type\":\"EntryPoint\",\"urlTemplate\":\"https:\\\/\\\/www.education.pf\\\/capsurlhexagone\\\/?s={search_term_string}\"},\"query-input\":{\"@type\":\"PropertyValueSpecification\",\"valueRequired\":true,\"valueName\":\"search_term_string\"}}],\"inLanguage\":\"fr-FR\"}]}<\/script>\n<!-- \/ Yoast SEO plugin. -->","yoast_head_json":{"title":"Les diff\u00e9rents types de logement -","robots":{"index":"index","follow":"follow","max-snippet":"max-snippet:-1","max-image-preview":"max-image-preview:large","max-video-preview":"max-video-preview:-1"},"canonical":"https:\/\/www.education.pf\/capsurlhexagone\/le-logement-2\/les-differents-types-de-logement\/","og_locale":"fr_FR","og_type":"article","og_title":"Les diff\u00e9rents types de logement -","og_description":"Il existe plusieurs types de locations pour un \u00e9tudiant. Nous allons essay\u00e9 de te les pr\u00e9senter de mani\u00e8re \u00e0 ce que tu puisses faire ton [...]","og_url":"https:\/\/www.education.pf\/capsurlhexagone\/le-logement-2\/les-differents-types-de-logement\/","article_modified_time":"2026-02-17T01:30:01+00:00","twitter_card":"summary_large_image","twitter_misc":{"Dur\u00e9e de lecture estim\u00e9e":"7 minutes"},"schema":{"@context":"https:\/\/schema.org","@graph":[{"@type":"WebPage","@id":"https:\/\/www.education.pf\/capsurlhexagone\/le-logement-2\/les-differents-types-de-logement\/","url":"https:\/\/www.education.pf\/capsurlhexagone\/le-logement-2\/les-differents-types-de-logement\/","name":"Les diff\u00e9rents types de logement -","isPartOf":{"@id":"https:\/\/www.education.pf\/capsurlhexagone\/#website"},"datePublished":"2024-02-15T17:02:52+00:00","dateModified":"2026-02-17T01:30:01+00:00","breadcrumb":{"@id":"https:\/\/www.education.pf\/capsurlhexagone\/le-logement-2\/les-differents-types-de-logement\/#breadcrumb"},"inLanguage":"fr-FR","potentialAction":[{"@type":"ReadAction","target":["https:\/\/www.education.pf\/capsurlhexagone\/le-logement-2\/les-differents-types-de-logement\/"]}]},{"@type":"BreadcrumbList","@id":"https:\/\/www.education.pf\/capsurlhexagone\/le-logement-2\/les-differents-types-de-logement\/#breadcrumb","itemListElement":[{"@type":"ListItem","position":1,"name":"Accueil","item":"https:\/\/www.education.pf\/capsurlhexagone\/"},{"@type":"ListItem","position":2,"name":"Le logement","item":"https:\/\/www.education.pf\/capsurlhexagone\/le-logement-2\/"},{"@type":"ListItem","position":3,"name":"Les diff\u00e9rents types de logement"}]},{"@type":"WebSite","@id":"https:\/\/www.education.pf\/capsurlhexagone\/#website","url":"https:\/\/www.education.pf\/capsurlhexagone\/","name":"","description":"","potentialAction":[{"@type":"SearchAction","target":{"@type":"EntryPoint","urlTemplate":"https:\/\/www.education.pf\/capsurlhexagone\/?s={search_term_string}"},"query-input":{"@type":"PropertyValueSpecification","valueRequired":true,"valueName":"search_term_string"}}],"inLanguage":"fr-FR"}]}},"_links":{"self":[{"href":"https:\/\/www.education.pf\/capsurlhexagone\/wp-json\/wp\/v2\/pages\/27801","targetHints":{"allow":["GET"]}}],"collection":[{"href":"https:\/\/www.education.pf\/capsurlhexagone\/wp-json\/wp\/v2\/pages"}],"about":[{"href":"https:\/\/www.education.pf\/capsurlhexagone\/wp-json\/wp\/v2\/types\/page"}],"author":[{"embeddable":true,"href":"https:\/\/www.education.pf\/capsurlhexagone\/wp-json\/wp\/v2\/users\/11"}],"replies":[{"embeddable":true,"href":"https:\/\/www.education.pf\/capsurlhexagone\/wp-json\/wp\/v2\/comments?post=27801"}],"version-history":[{"count":8,"href":"https:\/\/www.education.pf\/capsurlhexagone\/wp-json\/wp\/v2\/pages\/27801\/revisions"}],"predecessor-version":[{"id":28070,"href":"https:\/\/www.education.pf\/capsurlhexagone\/wp-json\/wp\/v2\/pages\/27801\/revisions\/28070"}],"up":[{"embeddable":true,"href":"https:\/\/www.education.pf\/capsurlhexagone\/wp-json\/wp\/v2\/pages\/27119"}],"wp:attachment":[{"href":"https:\/\/www.education.pf\/capsurlhexagone\/wp-json\/wp\/v2\/media?parent=27801"}],"curies":[{"name":"wp","href":"https:\/\/api.w.org\/{rel}","templated":true}]}}