{"id":27789,"date":"2024-02-15T07:14:30","date_gmt":"2024-02-15T06:14:30","guid":{"rendered":"https:\/\/www.education.pf\/capsurlhexagone\/?page_id=27789"},"modified":"2024-02-15T22:22:30","modified_gmt":"2024-02-15T21:22:30","slug":"et-lemancipation","status":"publish","type":"page","link":"https:\/\/www.education.pf\/capsurlhexagone\/l-administratif\/et-lemancipation\/","title":{"rendered":"Et l\u2019\u00e9mancipation ?"},"content":{"rendered":"<p>Tu en as certainement entendu parler&#8230; Se faire \u00e9manciper c&rsquo;est devenir majeur avant l&rsquo;\u00e2ge (en r\u00e9sum\u00e9). En d&rsquo;autres termes, tu b\u00e9n\u00e9ficies de de tous les avantages qu&rsquo;un majeur: tu peux faire toutes les d\u00e9marches administratives sans avoir la signature de ton repr\u00e9sentant l\u00e9gal. Attention, cela implique \u00e9galement que tu as d\u00e9sormais des responsabilit\u00e9s!<\/p>\n<p><strong><em><span id=\"page3R_mcid20\" class=\"markedContent\"><span dir=\"ltr\" role=\"presentation\">Quels sont les effets de l\u2019\u00e9mancipation<\/span> <span dir=\"ltr\" role=\"presentation\">?<\/span><\/span><\/em><\/strong><span id=\"page3R_mcid21\" class=\"markedContent\"><br role=\"presentation\" \/><span dir=\"ltr\" role=\"presentation\">Le mineur \u00e9mancip\u00e9<\/span> <span dir=\"ltr\" role=\"presentation\">est capable, comme un majeur, de tous les actes de l<\/span><span dir=\"ltr\" role=\"presentation\">a vie civile.<\/span><\/span><span id=\"page3R_mcid22\" class=\"markedContent\"><br role=\"presentation\" \/><span dir=\"ltr\" role=\"presentation\">Les parents<\/span> <span dir=\"ltr\" role=\"presentation\">ne sont plus titulaires de l\u2019autorit\u00e9 parentale. Ils ne sont plus responsables des<\/span><br role=\"presentation\" \/><span dir=\"ltr\" role=\"presentation\">dommages qu\u2019il pourra causer \u00e0 autrui apr\u00e8s son \u00e9mancipation.<\/span><\/span><span id=\"page3R_mcid23\" class=\"markedContent\"><br role=\"presentation\" \/><\/span><\/p>\n<p><span id=\"page3R_mcid24\" class=\"markedContent\"><span dir=\"ltr\" role=\"presentation\"><em>Attention<\/em><\/span><em> <span dir=\"ltr\" role=\"presentation\">: l\u2019\u00e9mancipation a des<\/span> <span dir=\"ltr\" role=\"presentation\">limites<\/span> <span dir=\"ltr\" role=\"presentation\">:<\/span><\/em><\/span><span id=\"page3R_mcid25\" class=\"markedContent\"><\/span><span id=\"page3R_mcid26\" class=\"markedContent\"><br role=\"presentation\" \/><span dir=\"ltr\" role=\"presentation\">\u25ba<\/span> <span dir=\"ltr\" role=\"presentation\">Le mineur \u00e9mancip\u00e9 ne peut pas voter ou passer son permis de conduire avant 18 ans r\u00e9volus.<\/span><\/span><span id=\"page3R_mcid27\" class=\"markedContent\"><br role=\"presentation\" \/><span dir=\"ltr\" role=\"presentation\">\u25ba<\/span> <span dir=\"ltr\" role=\"presentation\">Le consentement des parents du mineur \u00e9mancip\u00e9 reste requis pour son mariage ou son<\/span><br role=\"presentation\" \/><span dir=\"ltr\" role=\"presentation\">adoption.<\/span><\/span><span id=\"page3R_mcid28\" class=\"markedContent\"><\/span><span id=\"page3R_mcid28\" class=\"markedContent\"> <\/span><span id=\"page3R_mcid23\" class=\"markedContent\"><\/span><\/p>\n<p><strong><em>Alors, comment se faire \u00e9manciper en Polyn\u00e9sie?<\/em> <\/strong><\/p>\n<p>C&rsquo;est le juge des tutelles de la cour d\u2019appel de Papeete qui est comp\u00e9tent pour prononcer ou non une \u00e9mancipation.<\/p>\n<p>Il faut que le responsable l\u00e9gal, le tuteur ou le mineur concern\u00e9 fasse la demande via un formulaire en ligne: <a href=\"https:\/\/www.service-public.fr\/simulateur\/calcul\/15425\">https:\/\/www.service-public.fr\/simulateur\/calcul\/15425<\/a><\/p>\n<p>Pour plus d&rsquo;infos:<\/p>\n<p>Le site de la Cour d&rsquo;appel de Papeete <a href=\"http:\/\/www.ca-papeete.justice.fr\/\" target=\"_blank\" rel=\"noopener\" data-saferedirecturl=\"https:\/\/www.google.com\/url?q=http:\/\/www.ca-papeete.justice.fr\/&amp;source=gmail&amp;ust=1650090055476000&amp;usg=AOvVaw3HzO3IWa-ok8udVgPRLFkN\">http:\/\/www.ca-papeete.<wbr \/>justice.fr\/<\/a><\/p>\n<p>Trouver les coordonn\u00e9es du juge des tutelles <a href=\"http:\/\/www.ca-papeete.justice.fr\/index.php?rubrique=104&amp;ssrubrique=105\" target=\"_blank\" rel=\"noopener\" data-saferedirecturl=\"https:\/\/www.google.com\/url?q=http:\/\/www.ca-papeete.justice.fr\/index.php?rubrique%3D104%26ssrubrique%3D105&amp;source=gmail&amp;ust=1650090055476000&amp;usg=AOvVaw0R-dA0SI26qqKQdf7S6w9D\">http:\/\/www.ca-<wbr \/>papeete.justice.fr\/index.php?<wbr \/>rubrique=104&amp;ssrubrique=105<\/a><\/p>\n<p>Pour avoir toutes les infos sur cette question:<a href=\"https:\/\/www.service-public.fr\/particuliers\/vosdroits\/F1194\"> https:\/\/www.service-public.fr\/particuliers\/vosdroits\/F1194<\/a><\/p>\n","protected":false},"excerpt":{"rendered":"<p>Tu en as certainement entendu parler&#8230; Se faire \u00e9manciper c&rsquo;est devenir majeur avant l&rsquo;\u00e2ge (en r\u00e9sum\u00e9). En d&rsquo;autres termes, tu b\u00e9n\u00e9ficies de de tous les [&#8230;]<\/p>\n","protected":false},"author":11,"featured_media":0,"parent":27077,"menu_order":3,"comment_status":"closed","ping_status":"closed","template":"","meta":{"_acf_changed":false,"footnotes":""},"class_list":["post-27789","page","type-page","status-publish","hentry"],"acf":[],"yoast_head":"<!-- This site is optimized with the Yoast SEO plugin v27.5 - https:\/\/yoast.com\/product\/yoast-seo-wordpress\/ -->\n<title>Et l\u2019\u00e9mancipation ? -<\/title>\n<meta name=\"robots\" content=\"index, follow, max-snippet:-1, max-image-preview:large, max-video-preview:-1\" \/>\n<link rel=\"canonical\" href=\"https:\/\/www.education.pf\/capsurlhexagone\/l-administratif\/et-lemancipation\/\" \/>\n<meta property=\"og:locale\" content=\"fr_FR\" \/>\n<meta property=\"og:type\" content=\"article\" \/>\n<meta property=\"og:title\" content=\"Et l\u2019\u00e9mancipation ? -\" \/>\n<meta property=\"og:description\" content=\"Tu en as certainement entendu parler&#8230; Se faire \u00e9manciper c&rsquo;est devenir majeur avant l&rsquo;\u00e2ge (en r\u00e9sum\u00e9). En d&rsquo;autres termes, tu b\u00e9n\u00e9ficies de de tous les [...]\" \/>\n<meta property=\"og:url\" content=\"https:\/\/www.education.pf\/capsurlhexagone\/l-administratif\/et-lemancipation\/\" \/>\n<meta property=\"article:modified_time\" content=\"2024-02-15T21:22:30+00:00\" \/>\n<meta name=\"twitter:card\" content=\"summary_large_image\" \/>\n<meta name=\"twitter:label1\" content=\"Dur\u00e9e de lecture estim\u00e9e\" \/>\n\t<meta name=\"twitter:data1\" content=\"2 minutes\" \/>\n<script type=\"application\/ld+json\" class=\"yoast-schema-graph\">{\"@context\":\"https:\\\/\\\/schema.org\",\"@graph\":[{\"@type\":\"WebPage\",\"@id\":\"https:\\\/\\\/www.education.pf\\\/capsurlhexagone\\\/l-administratif\\\/et-lemancipation\\\/\",\"url\":\"https:\\\/\\\/www.education.pf\\\/capsurlhexagone\\\/l-administratif\\\/et-lemancipation\\\/\",\"name\":\"Et l\u2019\u00e9mancipation ? -\",\"isPartOf\":{\"@id\":\"https:\\\/\\\/www.education.pf\\\/capsurlhexagone\\\/#website\"},\"datePublished\":\"2024-02-15T06:14:30+00:00\",\"dateModified\":\"2024-02-15T21:22:30+00:00\",\"breadcrumb\":{\"@id\":\"https:\\\/\\\/www.education.pf\\\/capsurlhexagone\\\/l-administratif\\\/et-lemancipation\\\/#breadcrumb\"},\"inLanguage\":\"fr-FR\",\"potentialAction\":[{\"@type\":\"ReadAction\",\"target\":[\"https:\\\/\\\/www.education.pf\\\/capsurlhexagone\\\/l-administratif\\\/et-lemancipation\\\/\"]}]},{\"@type\":\"BreadcrumbList\",\"@id\":\"https:\\\/\\\/www.education.pf\\\/capsurlhexagone\\\/l-administratif\\\/et-lemancipation\\\/#breadcrumb\",\"itemListElement\":[{\"@type\":\"ListItem\",\"position\":1,\"name\":\"Accueil\",\"item\":\"https:\\\/\\\/www.education.pf\\\/capsurlhexagone\\\/\"},{\"@type\":\"ListItem\",\"position\":2,\"name\":\"L&rsquo;administratif\",\"item\":\"https:\\\/\\\/www.education.pf\\\/capsurlhexagone\\\/l-administratif\\\/\"},{\"@type\":\"ListItem\",\"position\":3,\"name\":\"Et l\u2019\u00e9mancipation ?\"}]},{\"@type\":\"WebSite\",\"@id\":\"https:\\\/\\\/www.education.pf\\\/capsurlhexagone\\\/#website\",\"url\":\"https:\\\/\\\/www.education.pf\\\/capsurlhexagone\\\/\",\"name\":\"\",\"description\":\"\",\"potentialAction\":[{\"@type\":\"SearchAction\",\"target\":{\"@type\":\"EntryPoint\",\"urlTemplate\":\"https:\\\/\\\/www.education.pf\\\/capsurlhexagone\\\/?s={search_term_string}\"},\"query-input\":{\"@type\":\"PropertyValueSpecification\",\"valueRequired\":true,\"valueName\":\"search_term_string\"}}],\"inLanguage\":\"fr-FR\"}]}<\/script>\n<!-- \/ Yoast SEO plugin. -->","yoast_head_json":{"title":"Et l\u2019\u00e9mancipation ? -","robots":{"index":"index","follow":"follow","max-snippet":"max-snippet:-1","max-image-preview":"max-image-preview:large","max-video-preview":"max-video-preview:-1"},"canonical":"https:\/\/www.education.pf\/capsurlhexagone\/l-administratif\/et-lemancipation\/","og_locale":"fr_FR","og_type":"article","og_title":"Et l\u2019\u00e9mancipation ? -","og_description":"Tu en as certainement entendu parler&#8230; Se faire \u00e9manciper c&rsquo;est devenir majeur avant l&rsquo;\u00e2ge (en r\u00e9sum\u00e9). En d&rsquo;autres termes, tu b\u00e9n\u00e9ficies de de tous les [...]","og_url":"https:\/\/www.education.pf\/capsurlhexagone\/l-administratif\/et-lemancipation\/","article_modified_time":"2024-02-15T21:22:30+00:00","twitter_card":"summary_large_image","twitter_misc":{"Dur\u00e9e de lecture estim\u00e9e":"2 minutes"},"schema":{"@context":"https:\/\/schema.org","@graph":[{"@type":"WebPage","@id":"https:\/\/www.education.pf\/capsurlhexagone\/l-administratif\/et-lemancipation\/","url":"https:\/\/www.education.pf\/capsurlhexagone\/l-administratif\/et-lemancipation\/","name":"Et l\u2019\u00e9mancipation ? -","isPartOf":{"@id":"https:\/\/www.education.pf\/capsurlhexagone\/#website"},"datePublished":"2024-02-15T06:14:30+00:00","dateModified":"2024-02-15T21:22:30+00:00","breadcrumb":{"@id":"https:\/\/www.education.pf\/capsurlhexagone\/l-administratif\/et-lemancipation\/#breadcrumb"},"inLanguage":"fr-FR","potentialAction":[{"@type":"ReadAction","target":["https:\/\/www.education.pf\/capsurlhexagone\/l-administratif\/et-lemancipation\/"]}]},{"@type":"BreadcrumbList","@id":"https:\/\/www.education.pf\/capsurlhexagone\/l-administratif\/et-lemancipation\/#breadcrumb","itemListElement":[{"@type":"ListItem","position":1,"name":"Accueil","item":"https:\/\/www.education.pf\/capsurlhexagone\/"},{"@type":"ListItem","position":2,"name":"L&rsquo;administratif","item":"https:\/\/www.education.pf\/capsurlhexagone\/l-administratif\/"},{"@type":"ListItem","position":3,"name":"Et l\u2019\u00e9mancipation ?"}]},{"@type":"WebSite","@id":"https:\/\/www.education.pf\/capsurlhexagone\/#website","url":"https:\/\/www.education.pf\/capsurlhexagone\/","name":"","description":"","potentialAction":[{"@type":"SearchAction","target":{"@type":"EntryPoint","urlTemplate":"https:\/\/www.education.pf\/capsurlhexagone\/?s={search_term_string}"},"query-input":{"@type":"PropertyValueSpecification","valueRequired":true,"valueName":"search_term_string"}}],"inLanguage":"fr-FR"}]}},"_links":{"self":[{"href":"https:\/\/www.education.pf\/capsurlhexagone\/wp-json\/wp\/v2\/pages\/27789","targetHints":{"allow":["GET"]}}],"collection":[{"href":"https:\/\/www.education.pf\/capsurlhexagone\/wp-json\/wp\/v2\/pages"}],"about":[{"href":"https:\/\/www.education.pf\/capsurlhexagone\/wp-json\/wp\/v2\/types\/page"}],"author":[{"embeddable":true,"href":"https:\/\/www.education.pf\/capsurlhexagone\/wp-json\/wp\/v2\/users\/11"}],"replies":[{"embeddable":true,"href":"https:\/\/www.education.pf\/capsurlhexagone\/wp-json\/wp\/v2\/comments?post=27789"}],"version-history":[{"count":3,"href":"https:\/\/www.education.pf\/capsurlhexagone\/wp-json\/wp\/v2\/pages\/27789\/revisions"}],"predecessor-version":[{"id":27890,"href":"https:\/\/www.education.pf\/capsurlhexagone\/wp-json\/wp\/v2\/pages\/27789\/revisions\/27890"}],"up":[{"embeddable":true,"href":"https:\/\/www.education.pf\/capsurlhexagone\/wp-json\/wp\/v2\/pages\/27077"}],"wp:attachment":[{"href":"https:\/\/www.education.pf\/capsurlhexagone\/wp-json\/wp\/v2\/media?parent=27789"}],"curies":[{"name":"wp","href":"https:\/\/api.w.org\/{rel}","templated":true}]}}