{"id":27787,"date":"2024-02-15T07:12:48","date_gmt":"2024-02-15T06:12:48","guid":{"rendered":"https:\/\/www.education.pf\/capsurlhexagone\/?page_id=27787"},"modified":"2026-02-16T22:02:51","modified_gmt":"2026-02-16T21:02:51","slug":"formalites-pour-les-usa","status":"publish","type":"page","link":"https:\/\/www.education.pf\/capsurlhexagone\/l-administratif\/formalites-pour-les-usa\/","title":{"rendered":"Formalit\u00e9s pour les USA"},"content":{"rendered":"<p>Les Etats-Unis exigent une autorisation d&rsquo;entr\u00e9e sur leur territoire m\u00eame si tu es juste en escale. C&rsquo;est ce que l&rsquo;on appelle le formulaire ESTA<\/p>\n<p>Tu devras remplir via le lien: <a href=\"https:\/\/esta.cbp.dhs.gov\/\">https:\/\/esta.cbp.dhs.gov\/<\/a> ta demande d&rsquo;autorisation. Tu devras payer $40 USD ( ESTA valable 2 ans)<\/p>\n<p><b>Faut-il 6 mois de validit\u00e9 sur son passeport pour entrer aux \u00c9tats-Unis ?<\/b><\/p>\n<p><b>Non, ce n&rsquo;est pas une obligation<\/b> . La France et de nombreux pays ont pass\u00e9 des accords avec les \u00c9tats-Unis pour faire partie du programme d&rsquo;exemption de visa. Ce qui signifie que les ressortissants de ces pays sont exempts de l\u2019obligation des 6 mois et doivent uniquement pr\u00e9senter un passeport valide couvrant la dur\u00e9e de leur s\u00e9jour aux \u00c9tats-Unis. Il est n\u00e9anmoins conseill\u00e9 d\u2019avoir un passeport d\u2019une dur\u00e9e de validit\u00e9 d\u2019au moins <b>90 jours<\/b> au moment du passage aux \u00c9tats-Unis.<\/p>\n<p>&nbsp;<\/p>\n","protected":false},"excerpt":{"rendered":"<p>Les Etats-Unis exigent une autorisation d&rsquo;entr\u00e9e sur leur territoire m\u00eame si tu es juste en escale. C&rsquo;est ce que l&rsquo;on appelle le formulaire ESTA Tu [&#8230;]<\/p>\n","protected":false},"author":11,"featured_media":0,"parent":27077,"menu_order":2,"comment_status":"closed","ping_status":"closed","template":"","meta":{"_acf_changed":false,"footnotes":""},"class_list":["post-27787","page","type-page","status-publish","hentry"],"acf":[],"yoast_head":"<!-- This site is optimized with the Yoast SEO plugin v27.5 - https:\/\/yoast.com\/product\/yoast-seo-wordpress\/ -->\n<title>Formalit\u00e9s pour les USA -<\/title>\n<meta name=\"robots\" content=\"index, follow, max-snippet:-1, max-image-preview:large, max-video-preview:-1\" \/>\n<link rel=\"canonical\" href=\"https:\/\/www.education.pf\/capsurlhexagone\/l-administratif\/formalites-pour-les-usa\/\" \/>\n<meta property=\"og:locale\" content=\"fr_FR\" \/>\n<meta property=\"og:type\" content=\"article\" \/>\n<meta property=\"og:title\" content=\"Formalit\u00e9s pour les USA -\" \/>\n<meta property=\"og:description\" content=\"Les Etats-Unis exigent une autorisation d&rsquo;entr\u00e9e sur leur territoire m\u00eame si tu es juste en escale. C&rsquo;est ce que l&rsquo;on appelle le formulaire ESTA Tu [...]\" \/>\n<meta property=\"og:url\" content=\"https:\/\/www.education.pf\/capsurlhexagone\/l-administratif\/formalites-pour-les-usa\/\" \/>\n<meta property=\"article:modified_time\" content=\"2026-02-16T21:02:51+00:00\" \/>\n<meta name=\"twitter:card\" content=\"summary_large_image\" \/>\n<meta name=\"twitter:label1\" content=\"Dur\u00e9e de lecture estim\u00e9e\" \/>\n\t<meta name=\"twitter:data1\" content=\"1 minute\" \/>\n<script type=\"application\/ld+json\" class=\"yoast-schema-graph\">{\"@context\":\"https:\\\/\\\/schema.org\",\"@graph\":[{\"@type\":\"WebPage\",\"@id\":\"https:\\\/\\\/www.education.pf\\\/capsurlhexagone\\\/l-administratif\\\/formalites-pour-les-usa\\\/\",\"url\":\"https:\\\/\\\/www.education.pf\\\/capsurlhexagone\\\/l-administratif\\\/formalites-pour-les-usa\\\/\",\"name\":\"Formalit\u00e9s pour les USA -\",\"isPartOf\":{\"@id\":\"https:\\\/\\\/www.education.pf\\\/capsurlhexagone\\\/#website\"},\"datePublished\":\"2024-02-15T06:12:48+00:00\",\"dateModified\":\"2026-02-16T21:02:51+00:00\",\"breadcrumb\":{\"@id\":\"https:\\\/\\\/www.education.pf\\\/capsurlhexagone\\\/l-administratif\\\/formalites-pour-les-usa\\\/#breadcrumb\"},\"inLanguage\":\"fr-FR\",\"potentialAction\":[{\"@type\":\"ReadAction\",\"target\":[\"https:\\\/\\\/www.education.pf\\\/capsurlhexagone\\\/l-administratif\\\/formalites-pour-les-usa\\\/\"]}]},{\"@type\":\"BreadcrumbList\",\"@id\":\"https:\\\/\\\/www.education.pf\\\/capsurlhexagone\\\/l-administratif\\\/formalites-pour-les-usa\\\/#breadcrumb\",\"itemListElement\":[{\"@type\":\"ListItem\",\"position\":1,\"name\":\"Accueil\",\"item\":\"https:\\\/\\\/www.education.pf\\\/capsurlhexagone\\\/\"},{\"@type\":\"ListItem\",\"position\":2,\"name\":\"L&rsquo;administratif\",\"item\":\"https:\\\/\\\/www.education.pf\\\/capsurlhexagone\\\/l-administratif\\\/\"},{\"@type\":\"ListItem\",\"position\":3,\"name\":\"Formalit\u00e9s pour les USA\"}]},{\"@type\":\"WebSite\",\"@id\":\"https:\\\/\\\/www.education.pf\\\/capsurlhexagone\\\/#website\",\"url\":\"https:\\\/\\\/www.education.pf\\\/capsurlhexagone\\\/\",\"name\":\"\",\"description\":\"\",\"potentialAction\":[{\"@type\":\"SearchAction\",\"target\":{\"@type\":\"EntryPoint\",\"urlTemplate\":\"https:\\\/\\\/www.education.pf\\\/capsurlhexagone\\\/?s={search_term_string}\"},\"query-input\":{\"@type\":\"PropertyValueSpecification\",\"valueRequired\":true,\"valueName\":\"search_term_string\"}}],\"inLanguage\":\"fr-FR\"}]}<\/script>\n<!-- \/ Yoast SEO plugin. -->","yoast_head_json":{"title":"Formalit\u00e9s pour les USA -","robots":{"index":"index","follow":"follow","max-snippet":"max-snippet:-1","max-image-preview":"max-image-preview:large","max-video-preview":"max-video-preview:-1"},"canonical":"https:\/\/www.education.pf\/capsurlhexagone\/l-administratif\/formalites-pour-les-usa\/","og_locale":"fr_FR","og_type":"article","og_title":"Formalit\u00e9s pour les USA -","og_description":"Les Etats-Unis exigent une autorisation d&rsquo;entr\u00e9e sur leur territoire m\u00eame si tu es juste en escale. C&rsquo;est ce que l&rsquo;on appelle le formulaire ESTA Tu [...]","og_url":"https:\/\/www.education.pf\/capsurlhexagone\/l-administratif\/formalites-pour-les-usa\/","article_modified_time":"2026-02-16T21:02:51+00:00","twitter_card":"summary_large_image","twitter_misc":{"Dur\u00e9e de lecture estim\u00e9e":"1 minute"},"schema":{"@context":"https:\/\/schema.org","@graph":[{"@type":"WebPage","@id":"https:\/\/www.education.pf\/capsurlhexagone\/l-administratif\/formalites-pour-les-usa\/","url":"https:\/\/www.education.pf\/capsurlhexagone\/l-administratif\/formalites-pour-les-usa\/","name":"Formalit\u00e9s pour les USA -","isPartOf":{"@id":"https:\/\/www.education.pf\/capsurlhexagone\/#website"},"datePublished":"2024-02-15T06:12:48+00:00","dateModified":"2026-02-16T21:02:51+00:00","breadcrumb":{"@id":"https:\/\/www.education.pf\/capsurlhexagone\/l-administratif\/formalites-pour-les-usa\/#breadcrumb"},"inLanguage":"fr-FR","potentialAction":[{"@type":"ReadAction","target":["https:\/\/www.education.pf\/capsurlhexagone\/l-administratif\/formalites-pour-les-usa\/"]}]},{"@type":"BreadcrumbList","@id":"https:\/\/www.education.pf\/capsurlhexagone\/l-administratif\/formalites-pour-les-usa\/#breadcrumb","itemListElement":[{"@type":"ListItem","position":1,"name":"Accueil","item":"https:\/\/www.education.pf\/capsurlhexagone\/"},{"@type":"ListItem","position":2,"name":"L&rsquo;administratif","item":"https:\/\/www.education.pf\/capsurlhexagone\/l-administratif\/"},{"@type":"ListItem","position":3,"name":"Formalit\u00e9s pour les USA"}]},{"@type":"WebSite","@id":"https:\/\/www.education.pf\/capsurlhexagone\/#website","url":"https:\/\/www.education.pf\/capsurlhexagone\/","name":"","description":"","potentialAction":[{"@type":"SearchAction","target":{"@type":"EntryPoint","urlTemplate":"https:\/\/www.education.pf\/capsurlhexagone\/?s={search_term_string}"},"query-input":{"@type":"PropertyValueSpecification","valueRequired":true,"valueName":"search_term_string"}}],"inLanguage":"fr-FR"}]}},"_links":{"self":[{"href":"https:\/\/www.education.pf\/capsurlhexagone\/wp-json\/wp\/v2\/pages\/27787","targetHints":{"allow":["GET"]}}],"collection":[{"href":"https:\/\/www.education.pf\/capsurlhexagone\/wp-json\/wp\/v2\/pages"}],"about":[{"href":"https:\/\/www.education.pf\/capsurlhexagone\/wp-json\/wp\/v2\/types\/page"}],"author":[{"embeddable":true,"href":"https:\/\/www.education.pf\/capsurlhexagone\/wp-json\/wp\/v2\/users\/11"}],"replies":[{"embeddable":true,"href":"https:\/\/www.education.pf\/capsurlhexagone\/wp-json\/wp\/v2\/comments?post=27787"}],"version-history":[{"count":4,"href":"https:\/\/www.education.pf\/capsurlhexagone\/wp-json\/wp\/v2\/pages\/27787\/revisions"}],"predecessor-version":[{"id":28048,"href":"https:\/\/www.education.pf\/capsurlhexagone\/wp-json\/wp\/v2\/pages\/27787\/revisions\/28048"}],"up":[{"embeddable":true,"href":"https:\/\/www.education.pf\/capsurlhexagone\/wp-json\/wp\/v2\/pages\/27077"}],"wp:attachment":[{"href":"https:\/\/www.education.pf\/capsurlhexagone\/wp-json\/wp\/v2\/media?parent=27787"}],"curies":[{"name":"wp","href":"https:\/\/api.w.org\/{rel}","templated":true}]}}