{"id":27777,"date":"2024-02-15T06:26:35","date_gmt":"2024-02-15T05:26:35","guid":{"rendered":"https:\/\/www.education.pf\/capsurlhexagone\/?page_id=27777"},"modified":"2026-04-17T19:22:05","modified_gmt":"2026-04-17T17:22:05","slug":"mon-kit-de-survie","status":"publish","type":"page","link":"https:\/\/www.education.pf\/capsurlhexagone\/je-morganise-2\/mon-kit-de-survie\/","title":{"rendered":"Mon kit de survie"},"content":{"rendered":"<p>Pour t&rsquo;aider ton ta pr\u00e9paration et surtout pour ne rien oublier,\u00a0 voici un petit Kit de survie:<\/p>\n<p>&#8211; <a href=\"https:\/\/www.education.pf\/capsurlhexagone\/wp-content\/uploads\/2024\/03\/Ma-To-DO-LIST.pdf\">Ma To Do List:<\/a> qui r\u00e9capitule les principales d\u00e9marches \u00e0 faire. Tu peux bien \u00e9videmment la compl\u00e9ter.<\/p>\n<p>&#8211;<a href=\"https:\/\/www.education.pf\/capsurlhexagone\/wp-content\/uploads\/2026\/02\/Ma-valise-administrative-1.pdf\"> Ma valise administrative<\/a>: pour ne rien oublier des documents \u00e0 avoir avec toi ( en papier et\/ou en num\u00e9rique)<\/p>\n<p>&#8211; <a href=\"https:\/\/www.education.pf\/capsurlhexagone\/wp-content\/uploads\/2026\/03\/Mon_budget_menseul.xlsx\">Mon Budget<\/a> ( Fichier pour t&rsquo;aider \u00e0 g\u00e9rer mensuellement tes d\u00e9penses)<\/p>\n<p>&#8211;<a href=\"https:\/\/www.education.pf\/capsurlhexagone\/wp-content\/uploads\/2026\/04\/Fiche_logement_etudiant.docx\">Memento pour t&rsquo;aider dans ta recherche de logement<\/a><\/p>\n<p>&#8211; <a href=\"https:\/\/www.education.pf\/capsurlhexagone\/wp-content\/uploads\/2022\/05\/doc-visite.pdf\">Liste \u00e0 pr\u00e9voir pour la recherche de logement<\/a><\/p>\n<p>&#8211; <a href=\"https:\/\/www.education.pf\/capsurlhexagone\/wp-content\/uploads\/2022\/05\/fiche-appel-espace-etudiant.png\">Fiche d&rsquo;appel pour les logements dans le priv\u00e9<\/a> ( hors CROUS)<\/p>\n<p>&#8211;<a href=\"https:\/\/www.education.pf\/capsurlhexagone\/wp-content\/uploads\/2022\/05\/fiche-visite-espace-etudiant.png\">Fiche de visite pour un logement priv\u00e9<\/a><\/p>\n","protected":false},"excerpt":{"rendered":"<p>Pour t&rsquo;aider ton ta pr\u00e9paration et surtout pour ne rien oublier,\u00a0 voici un petit Kit de survie: &#8211; Ma To Do List: qui r\u00e9capitule les [&#8230;]<\/p>\n","protected":false},"author":11,"featured_media":0,"parent":27734,"menu_order":2,"comment_status":"closed","ping_status":"closed","template":"","meta":{"_acf_changed":false,"footnotes":""},"class_list":["post-27777","page","type-page","status-publish","hentry"],"acf":[],"yoast_head":"<!-- This site is optimized with the Yoast SEO plugin v27.5 - https:\/\/yoast.com\/product\/yoast-seo-wordpress\/ -->\n<title>Mon kit de survie -<\/title>\n<meta name=\"robots\" content=\"index, follow, max-snippet:-1, max-image-preview:large, max-video-preview:-1\" \/>\n<link rel=\"canonical\" href=\"https:\/\/www.education.pf\/capsurlhexagone\/je-morganise-2\/mon-kit-de-survie\/\" \/>\n<meta property=\"og:locale\" content=\"fr_FR\" \/>\n<meta property=\"og:type\" content=\"article\" \/>\n<meta property=\"og:title\" content=\"Mon kit de survie -\" \/>\n<meta property=\"og:description\" content=\"Pour t&rsquo;aider ton ta pr\u00e9paration et surtout pour ne rien oublier,\u00a0 voici un petit Kit de survie: &#8211; Ma To Do List: qui r\u00e9capitule les [...]\" \/>\n<meta property=\"og:url\" content=\"https:\/\/www.education.pf\/capsurlhexagone\/je-morganise-2\/mon-kit-de-survie\/\" \/>\n<meta property=\"article:modified_time\" content=\"2026-04-17T17:22:05+00:00\" \/>\n<meta name=\"twitter:card\" content=\"summary_large_image\" \/>\n<meta name=\"twitter:label1\" content=\"Dur\u00e9e de lecture estim\u00e9e\" \/>\n\t<meta name=\"twitter:data1\" content=\"1 minute\" \/>\n<script type=\"application\/ld+json\" class=\"yoast-schema-graph\">{\"@context\":\"https:\\\/\\\/schema.org\",\"@graph\":[{\"@type\":\"WebPage\",\"@id\":\"https:\\\/\\\/www.education.pf\\\/capsurlhexagone\\\/je-morganise-2\\\/mon-kit-de-survie\\\/\",\"url\":\"https:\\\/\\\/www.education.pf\\\/capsurlhexagone\\\/je-morganise-2\\\/mon-kit-de-survie\\\/\",\"name\":\"Mon kit de survie -\",\"isPartOf\":{\"@id\":\"https:\\\/\\\/www.education.pf\\\/capsurlhexagone\\\/#website\"},\"datePublished\":\"2024-02-15T05:26:35+00:00\",\"dateModified\":\"2026-04-17T17:22:05+00:00\",\"breadcrumb\":{\"@id\":\"https:\\\/\\\/www.education.pf\\\/capsurlhexagone\\\/je-morganise-2\\\/mon-kit-de-survie\\\/#breadcrumb\"},\"inLanguage\":\"fr-FR\",\"potentialAction\":[{\"@type\":\"ReadAction\",\"target\":[\"https:\\\/\\\/www.education.pf\\\/capsurlhexagone\\\/je-morganise-2\\\/mon-kit-de-survie\\\/\"]}]},{\"@type\":\"BreadcrumbList\",\"@id\":\"https:\\\/\\\/www.education.pf\\\/capsurlhexagone\\\/je-morganise-2\\\/mon-kit-de-survie\\\/#breadcrumb\",\"itemListElement\":[{\"@type\":\"ListItem\",\"position\":1,\"name\":\"Accueil\",\"item\":\"https:\\\/\\\/www.education.pf\\\/capsurlhexagone\\\/\"},{\"@type\":\"ListItem\",\"position\":2,\"name\":\"Je m&rsquo;organise&#8230;\",\"item\":\"https:\\\/\\\/www.education.pf\\\/capsurlhexagone\\\/je-morganise-2\\\/\"},{\"@type\":\"ListItem\",\"position\":3,\"name\":\"Mon kit de survie\"}]},{\"@type\":\"WebSite\",\"@id\":\"https:\\\/\\\/www.education.pf\\\/capsurlhexagone\\\/#website\",\"url\":\"https:\\\/\\\/www.education.pf\\\/capsurlhexagone\\\/\",\"name\":\"\",\"description\":\"\",\"potentialAction\":[{\"@type\":\"SearchAction\",\"target\":{\"@type\":\"EntryPoint\",\"urlTemplate\":\"https:\\\/\\\/www.education.pf\\\/capsurlhexagone\\\/?s={search_term_string}\"},\"query-input\":{\"@type\":\"PropertyValueSpecification\",\"valueRequired\":true,\"valueName\":\"search_term_string\"}}],\"inLanguage\":\"fr-FR\"}]}<\/script>\n<!-- \/ Yoast SEO plugin. -->","yoast_head_json":{"title":"Mon kit de survie -","robots":{"index":"index","follow":"follow","max-snippet":"max-snippet:-1","max-image-preview":"max-image-preview:large","max-video-preview":"max-video-preview:-1"},"canonical":"https:\/\/www.education.pf\/capsurlhexagone\/je-morganise-2\/mon-kit-de-survie\/","og_locale":"fr_FR","og_type":"article","og_title":"Mon kit de survie -","og_description":"Pour t&rsquo;aider ton ta pr\u00e9paration et surtout pour ne rien oublier,\u00a0 voici un petit Kit de survie: &#8211; Ma To Do List: qui r\u00e9capitule les [...]","og_url":"https:\/\/www.education.pf\/capsurlhexagone\/je-morganise-2\/mon-kit-de-survie\/","article_modified_time":"2026-04-17T17:22:05+00:00","twitter_card":"summary_large_image","twitter_misc":{"Dur\u00e9e de lecture estim\u00e9e":"1 minute"},"schema":{"@context":"https:\/\/schema.org","@graph":[{"@type":"WebPage","@id":"https:\/\/www.education.pf\/capsurlhexagone\/je-morganise-2\/mon-kit-de-survie\/","url":"https:\/\/www.education.pf\/capsurlhexagone\/je-morganise-2\/mon-kit-de-survie\/","name":"Mon kit de survie -","isPartOf":{"@id":"https:\/\/www.education.pf\/capsurlhexagone\/#website"},"datePublished":"2024-02-15T05:26:35+00:00","dateModified":"2026-04-17T17:22:05+00:00","breadcrumb":{"@id":"https:\/\/www.education.pf\/capsurlhexagone\/je-morganise-2\/mon-kit-de-survie\/#breadcrumb"},"inLanguage":"fr-FR","potentialAction":[{"@type":"ReadAction","target":["https:\/\/www.education.pf\/capsurlhexagone\/je-morganise-2\/mon-kit-de-survie\/"]}]},{"@type":"BreadcrumbList","@id":"https:\/\/www.education.pf\/capsurlhexagone\/je-morganise-2\/mon-kit-de-survie\/#breadcrumb","itemListElement":[{"@type":"ListItem","position":1,"name":"Accueil","item":"https:\/\/www.education.pf\/capsurlhexagone\/"},{"@type":"ListItem","position":2,"name":"Je m&rsquo;organise&#8230;","item":"https:\/\/www.education.pf\/capsurlhexagone\/je-morganise-2\/"},{"@type":"ListItem","position":3,"name":"Mon kit de survie"}]},{"@type":"WebSite","@id":"https:\/\/www.education.pf\/capsurlhexagone\/#website","url":"https:\/\/www.education.pf\/capsurlhexagone\/","name":"","description":"","potentialAction":[{"@type":"SearchAction","target":{"@type":"EntryPoint","urlTemplate":"https:\/\/www.education.pf\/capsurlhexagone\/?s={search_term_string}"},"query-input":{"@type":"PropertyValueSpecification","valueRequired":true,"valueName":"search_term_string"}}],"inLanguage":"fr-FR"}]}},"_links":{"self":[{"href":"https:\/\/www.education.pf\/capsurlhexagone\/wp-json\/wp\/v2\/pages\/27777","targetHints":{"allow":["GET"]}}],"collection":[{"href":"https:\/\/www.education.pf\/capsurlhexagone\/wp-json\/wp\/v2\/pages"}],"about":[{"href":"https:\/\/www.education.pf\/capsurlhexagone\/wp-json\/wp\/v2\/types\/page"}],"author":[{"embeddable":true,"href":"https:\/\/www.education.pf\/capsurlhexagone\/wp-json\/wp\/v2\/users\/11"}],"replies":[{"embeddable":true,"href":"https:\/\/www.education.pf\/capsurlhexagone\/wp-json\/wp\/v2\/comments?post=27777"}],"version-history":[{"count":9,"href":"https:\/\/www.education.pf\/capsurlhexagone\/wp-json\/wp\/v2\/pages\/27777\/revisions"}],"predecessor-version":[{"id":28079,"href":"https:\/\/www.education.pf\/capsurlhexagone\/wp-json\/wp\/v2\/pages\/27777\/revisions\/28079"}],"up":[{"embeddable":true,"href":"https:\/\/www.education.pf\/capsurlhexagone\/wp-json\/wp\/v2\/pages\/27734"}],"wp:attachment":[{"href":"https:\/\/www.education.pf\/capsurlhexagone\/wp-json\/wp\/v2\/media?parent=27777"}],"curies":[{"name":"wp","href":"https:\/\/api.w.org\/{rel}","templated":true}]}}