{"id":27516,"date":"2022-05-25T02:36:15","date_gmt":"2022-05-25T00:36:15","guid":{"rendered":"https:\/\/www.education.pf\/capsurlhexagone\/?page_id=27516"},"modified":"2024-03-05T02:05:46","modified_gmt":"2024-03-05T01:05:46","slug":"transport-mobilite","status":"publish","type":"page","link":"https:\/\/www.education.pf\/capsurlhexagone\/transport-mobilite\/","title":{"rendered":"Transport-mobilit\u00e9"},"content":{"rendered":"<h3>Pour t&rsquo;aider financi\u00e8rement \u00e0 partir, le Pays et l\u2019\u00c9tat peuvent prendre en charge une partie ou la totalit\u00e9 de ton billet d&rsquo;avion. De plus, il est important de te renseigner sur les diff\u00e9rents programmes \u00e9tudiants des compagnies a\u00e9riennes.<\/h3>\n<h3>Enfin toutes les villes et agglom\u00e9rations de m\u00e9tropoles proposent un service de transport en commun.<\/h3>\n<h3>Tu trouveras toutes ces infos dans cette rubrique:<\/h3>\n<h3 style=\"text-align: center;\">&#8211; <a href=\"https:\/\/www.education.pf\/capsurlhexagone\/transport-mobilite\/les-dispositifs-daide-a-la-mobilite\/\">Les dispositifs d&rsquo;aide \u00e0 la mobilit\u00e9<\/a><\/h3>\n<h3 style=\"text-align: center;\">&#8211; <a href=\"https:\/\/www.education.pf\/capsurlhexagone\/transport-mobilite\/les-programmes-etudiants\/\">Les programmes \u00e9tudiants des compagnies a\u00e9riennes<\/a><\/h3>\n<h3 style=\"text-align: center;\">&#8211; <a href=\"https:\/\/www.education.pf\/capsurlhexagone\/transport-mobilite\/les-transports-en-metropole\/\">Les transports en commun en m\u00e9tropole<\/a><\/h3>\n","protected":false},"excerpt":{"rendered":"<p>Pour t&rsquo;aider financi\u00e8rement \u00e0 partir, le Pays et l\u2019\u00c9tat peuvent prendre en charge une partie ou la totalit\u00e9 de ton billet d&rsquo;avion. De plus, il [&#8230;]<\/p>\n","protected":false},"author":11,"featured_media":0,"parent":0,"menu_order":5,"comment_status":"closed","ping_status":"closed","template":"","meta":{"_acf_changed":false,"footnotes":""},"class_list":["post-27516","page","type-page","status-publish","hentry"],"acf":[],"yoast_head":"<!-- This site is optimized with the Yoast SEO plugin v27.5 - https:\/\/yoast.com\/product\/yoast-seo-wordpress\/ -->\n<title>Transport-mobilit\u00e9 -<\/title>\n<meta name=\"robots\" content=\"index, follow, max-snippet:-1, max-image-preview:large, max-video-preview:-1\" \/>\n<link rel=\"canonical\" href=\"https:\/\/www.education.pf\/capsurlhexagone\/transport-mobilite\/\" \/>\n<meta property=\"og:locale\" content=\"fr_FR\" \/>\n<meta property=\"og:type\" content=\"article\" \/>\n<meta property=\"og:title\" content=\"Transport-mobilit\u00e9 -\" \/>\n<meta property=\"og:description\" content=\"Pour t&rsquo;aider financi\u00e8rement \u00e0 partir, le Pays et l\u2019\u00c9tat peuvent prendre en charge une partie ou la totalit\u00e9 de ton billet d&rsquo;avion. De plus, il [...]\" \/>\n<meta property=\"og:url\" content=\"https:\/\/www.education.pf\/capsurlhexagone\/transport-mobilite\/\" \/>\n<meta property=\"article:modified_time\" content=\"2024-03-05T01:05:46+00:00\" \/>\n<meta name=\"twitter:card\" content=\"summary_large_image\" \/>\n<meta name=\"twitter:label1\" content=\"Dur\u00e9e de lecture estim\u00e9e\" \/>\n\t<meta name=\"twitter:data1\" content=\"1 minute\" \/>\n<script type=\"application\/ld+json\" class=\"yoast-schema-graph\">{\"@context\":\"https:\\\/\\\/schema.org\",\"@graph\":[{\"@type\":\"WebPage\",\"@id\":\"https:\\\/\\\/www.education.pf\\\/capsurlhexagone\\\/transport-mobilite\\\/\",\"url\":\"https:\\\/\\\/www.education.pf\\\/capsurlhexagone\\\/transport-mobilite\\\/\",\"name\":\"Transport-mobilit\u00e9 -\",\"isPartOf\":{\"@id\":\"https:\\\/\\\/www.education.pf\\\/capsurlhexagone\\\/#website\"},\"datePublished\":\"2022-05-25T00:36:15+00:00\",\"dateModified\":\"2024-03-05T01:05:46+00:00\",\"breadcrumb\":{\"@id\":\"https:\\\/\\\/www.education.pf\\\/capsurlhexagone\\\/transport-mobilite\\\/#breadcrumb\"},\"inLanguage\":\"fr-FR\",\"potentialAction\":[{\"@type\":\"ReadAction\",\"target\":[\"https:\\\/\\\/www.education.pf\\\/capsurlhexagone\\\/transport-mobilite\\\/\"]}]},{\"@type\":\"BreadcrumbList\",\"@id\":\"https:\\\/\\\/www.education.pf\\\/capsurlhexagone\\\/transport-mobilite\\\/#breadcrumb\",\"itemListElement\":[{\"@type\":\"ListItem\",\"position\":1,\"name\":\"Accueil\",\"item\":\"https:\\\/\\\/www.education.pf\\\/capsurlhexagone\\\/\"},{\"@type\":\"ListItem\",\"position\":2,\"name\":\"Transport-mobilit\u00e9\"}]},{\"@type\":\"WebSite\",\"@id\":\"https:\\\/\\\/www.education.pf\\\/capsurlhexagone\\\/#website\",\"url\":\"https:\\\/\\\/www.education.pf\\\/capsurlhexagone\\\/\",\"name\":\"\",\"description\":\"\",\"potentialAction\":[{\"@type\":\"SearchAction\",\"target\":{\"@type\":\"EntryPoint\",\"urlTemplate\":\"https:\\\/\\\/www.education.pf\\\/capsurlhexagone\\\/?s={search_term_string}\"},\"query-input\":{\"@type\":\"PropertyValueSpecification\",\"valueRequired\":true,\"valueName\":\"search_term_string\"}}],\"inLanguage\":\"fr-FR\"}]}<\/script>\n<!-- \/ Yoast SEO plugin. -->","yoast_head_json":{"title":"Transport-mobilit\u00e9 -","robots":{"index":"index","follow":"follow","max-snippet":"max-snippet:-1","max-image-preview":"max-image-preview:large","max-video-preview":"max-video-preview:-1"},"canonical":"https:\/\/www.education.pf\/capsurlhexagone\/transport-mobilite\/","og_locale":"fr_FR","og_type":"article","og_title":"Transport-mobilit\u00e9 -","og_description":"Pour t&rsquo;aider financi\u00e8rement \u00e0 partir, le Pays et l\u2019\u00c9tat peuvent prendre en charge une partie ou la totalit\u00e9 de ton billet d&rsquo;avion. De plus, il [...]","og_url":"https:\/\/www.education.pf\/capsurlhexagone\/transport-mobilite\/","article_modified_time":"2024-03-05T01:05:46+00:00","twitter_card":"summary_large_image","twitter_misc":{"Dur\u00e9e de lecture estim\u00e9e":"1 minute"},"schema":{"@context":"https:\/\/schema.org","@graph":[{"@type":"WebPage","@id":"https:\/\/www.education.pf\/capsurlhexagone\/transport-mobilite\/","url":"https:\/\/www.education.pf\/capsurlhexagone\/transport-mobilite\/","name":"Transport-mobilit\u00e9 -","isPartOf":{"@id":"https:\/\/www.education.pf\/capsurlhexagone\/#website"},"datePublished":"2022-05-25T00:36:15+00:00","dateModified":"2024-03-05T01:05:46+00:00","breadcrumb":{"@id":"https:\/\/www.education.pf\/capsurlhexagone\/transport-mobilite\/#breadcrumb"},"inLanguage":"fr-FR","potentialAction":[{"@type":"ReadAction","target":["https:\/\/www.education.pf\/capsurlhexagone\/transport-mobilite\/"]}]},{"@type":"BreadcrumbList","@id":"https:\/\/www.education.pf\/capsurlhexagone\/transport-mobilite\/#breadcrumb","itemListElement":[{"@type":"ListItem","position":1,"name":"Accueil","item":"https:\/\/www.education.pf\/capsurlhexagone\/"},{"@type":"ListItem","position":2,"name":"Transport-mobilit\u00e9"}]},{"@type":"WebSite","@id":"https:\/\/www.education.pf\/capsurlhexagone\/#website","url":"https:\/\/www.education.pf\/capsurlhexagone\/","name":"","description":"","potentialAction":[{"@type":"SearchAction","target":{"@type":"EntryPoint","urlTemplate":"https:\/\/www.education.pf\/capsurlhexagone\/?s={search_term_string}"},"query-input":{"@type":"PropertyValueSpecification","valueRequired":true,"valueName":"search_term_string"}}],"inLanguage":"fr-FR"}]}},"_links":{"self":[{"href":"https:\/\/www.education.pf\/capsurlhexagone\/wp-json\/wp\/v2\/pages\/27516","targetHints":{"allow":["GET"]}}],"collection":[{"href":"https:\/\/www.education.pf\/capsurlhexagone\/wp-json\/wp\/v2\/pages"}],"about":[{"href":"https:\/\/www.education.pf\/capsurlhexagone\/wp-json\/wp\/v2\/types\/page"}],"author":[{"embeddable":true,"href":"https:\/\/www.education.pf\/capsurlhexagone\/wp-json\/wp\/v2\/users\/11"}],"replies":[{"embeddable":true,"href":"https:\/\/www.education.pf\/capsurlhexagone\/wp-json\/wp\/v2\/comments?post=27516"}],"version-history":[{"count":11,"href":"https:\/\/www.education.pf\/capsurlhexagone\/wp-json\/wp\/v2\/pages\/27516\/revisions"}],"predecessor-version":[{"id":28001,"href":"https:\/\/www.education.pf\/capsurlhexagone\/wp-json\/wp\/v2\/pages\/27516\/revisions\/28001"}],"wp:attachment":[{"href":"https:\/\/www.education.pf\/capsurlhexagone\/wp-json\/wp\/v2\/media?parent=27516"}],"curies":[{"name":"wp","href":"https:\/\/api.w.org\/{rel}","templated":true}]}}